{"id":12864,"date":"2026-02-25T20:43:25","date_gmt":"2026-02-26T01:43:25","guid":{"rendered":"https:\/\/americacellbank.com\/alianzas-acb\/"},"modified":"2026-04-19T09:25:46","modified_gmt":"2026-04-19T14:25:46","slug":"acb-alliances","status":"publish","type":"page","link":"https:\/\/americacellbank.com\/en\/acb-alliances\/","title":{"rendered":"ACB Alliances"},"content":{"rendered":"\t\t<div data-elementor-type=\"wp-page\" data-elementor-id=\"12864\" class=\"elementor elementor-12864 elementor-11890\" data-elementor-post-type=\"page\">\n\t\t\t\t\t\t<section class=\"elementor-section elementor-top-section elementor-element elementor-element-4f535d8 elementor-section-boxed elementor-section-height-default elementor-section-height-default\" data-id=\"4f535d8\" data-element_type=\"section\" data-e-type=\"section\" data-settings=\"{&quot;background_background&quot;:&quot;classic&quot;}\">\n\t\t\t\t\t\t<div class=\"elementor-container elementor-column-gap-default\">\n\t\t\t\t\t<div class=\"elementor-column elementor-col-100 elementor-top-column elementor-element elementor-element-8536af4\" data-id=\"8536af4\" data-element_type=\"column\" data-e-type=\"column\">\n\t\t\t<div class=\"elementor-widget-wrap elementor-element-populated\">\n\t\t\t\t\t\t<div class=\"elementor-element elementor-element-4ed06fb elementor-widget elementor-widget-heading\" data-id=\"4ed06fb\" data-element_type=\"widget\" data-e-type=\"widget\" data-widget_type=\"heading.default\">\n\t\t\t\t<div class=\"elementor-widget-container\">\n\t\t\t\t\t<div class=\"elementor-heading-title elementor-size-default\">They already trust our quality<\/div>\t\t\t\t<\/div>\n\t\t\t\t<\/div>\n\t\t\t\t<div class=\"elementor-element elementor-element-6b9767b elementor-widget elementor-widget-heading\" data-id=\"6b9767b\" data-element_type=\"widget\" data-e-type=\"widget\" data-widget_type=\"heading.default\">\n\t\t\t\t<div class=\"elementor-widget-container\">\n\t\t\t\t\t<h3 class=\"elementor-heading-title elementor-size-default\">and that of our network of partners<\/h3>\t\t\t\t<\/div>\n\t\t\t\t<\/div>\n\t\t\t\t<section class=\"elementor-section elementor-inner-section elementor-element elementor-element-95b0a9d elementor-section-boxed elementor-section-height-default elementor-section-height-default\" data-id=\"95b0a9d\" data-element_type=\"section\" data-e-type=\"section\">\n\t\t\t\t\t\t<div class=\"elementor-container elementor-column-gap-default\">\n\t\t\t\t\t<div class=\"elementor-column elementor-col-25 elementor-inner-column elementor-element elementor-element-3eef5fb\" data-id=\"3eef5fb\" data-element_type=\"column\" data-e-type=\"column\">\n\t\t\t<div class=\"elementor-widget-wrap elementor-element-populated\">\n\t\t\t\t\t\t<div class=\"elementor-element elementor-element-36abdee elementor-widget elementor-widget-image\" data-id=\"36abdee\" data-element_type=\"widget\" data-e-type=\"widget\" data-widget_type=\"image.default\">\n\t\t\t\t<div class=\"elementor-widget-container\">\n\t\t\t\t\t\t\t\t\t\t\t\t\t\t\t\t<a href=\"https:\/\/americacellbank.com\/alianzas-acb\/colmedica\/\">\n\t\t\t\t\t\t\t<img fetchpriority=\"high\" decoding=\"async\" width=\"416\" height=\"181\" src=\"https:\/\/americacellbank.com\/wp-content\/uploads\/2023\/08\/colmedica.jpg\" class=\"attachment-large size-large wp-image-7186\" alt=\"\" \/>\t\t\t\t\t\t\t\t<\/a>\n\t\t\t\t\t\t\t\t\t\t\t\t\t\t\t<\/div>\n\t\t\t\t<\/div>\n\t\t\t\t\t<\/div>\n\t\t<\/div>\n\t\t\t\t<div class=\"elementor-column elementor-col-25 elementor-inner-column elementor-element elementor-element-5be5003\" data-id=\"5be5003\" data-element_type=\"column\" data-e-type=\"column\">\n\t\t\t<div class=\"elementor-widget-wrap elementor-element-populated\">\n\t\t\t\t\t\t<div class=\"elementor-element elementor-element-4749563 elementor-widget elementor-widget-image\" data-id=\"4749563\" data-element_type=\"widget\" data-e-type=\"widget\" data-widget_type=\"image.default\">\n\t\t\t\t<div class=\"elementor-widget-container\">\n\t\t\t\t\t\t\t\t\t\t\t\t\t\t\t\t<a href=\"https:\/\/americacellbank.com\/alianzas-acb\/coomeva\/\">\n\t\t\t\t\t\t\t<img decoding=\"async\" width=\"416\" height=\"181\" src=\"https:\/\/americacellbank.com\/wp-content\/uploads\/2023\/08\/coomeva.jpg\" class=\"attachment-large size-large wp-image-7187\" alt=\"\" \/>\t\t\t\t\t\t\t\t<\/a>\n\t\t\t\t\t\t\t\t\t\t\t\t\t\t\t<\/div>\n\t\t\t\t<\/div>\n\t\t\t\t\t<\/div>\n\t\t<\/div>\n\t\t\t\t<div class=\"elementor-column elementor-col-25 elementor-inner-column elementor-element elementor-element-e276f40\" data-id=\"e276f40\" data-element_type=\"column\" data-e-type=\"column\">\n\t\t\t<div class=\"elementor-widget-wrap elementor-element-populated\">\n\t\t\t\t\t\t<div class=\"elementor-element elementor-element-04fd013 elementor-widget elementor-widget-image\" data-id=\"04fd013\" data-element_type=\"widget\" data-e-type=\"widget\" data-widget_type=\"image.default\">\n\t\t\t\t<div class=\"elementor-widget-container\">\n\t\t\t\t\t\t\t\t\t\t\t\t\t\t\t\t<a href=\"https:\/\/americacellbank.com\/alianzas-acb\/cordon-coomeva\/\">\n\t\t\t\t\t\t\t<img decoding=\"async\" width=\"832\" height=\"362\" src=\"https:\/\/americacellbank.com\/wp-content\/uploads\/2023\/10\/coomeve-medicina-prepagada-opt.webp\" class=\"attachment-large size-large wp-image-7368\" alt=\"\" srcset=\"https:\/\/americacellbank.com\/wp-content\/uploads\/2023\/10\/coomeve-medicina-prepagada-opt.webp 832w, https:\/\/americacellbank.com\/wp-content\/uploads\/2023\/10\/coomeve-medicina-prepagada-opt-768x334.webp 768w\" sizes=\"(max-width: 832px) 100vw, 832px\" \/>\t\t\t\t\t\t\t\t<\/a>\n\t\t\t\t\t\t\t\t\t\t\t\t\t\t\t<\/div>\n\t\t\t\t<\/div>\n\t\t\t\t\t<\/div>\n\t\t<\/div>\n\t\t\t\t<div class=\"elementor-column elementor-col-25 elementor-inner-column elementor-element elementor-element-32ffb21\" data-id=\"32ffb21\" data-element_type=\"column\" data-e-type=\"column\">\n\t\t\t<div class=\"elementor-widget-wrap elementor-element-populated\">\n\t\t\t\t\t\t<div class=\"elementor-element elementor-element-a2e256e elementor-widget elementor-widget-image\" data-id=\"a2e256e\" data-element_type=\"widget\" data-e-type=\"widget\" data-widget_type=\"image.default\">\n\t\t\t\t<div class=\"elementor-widget-container\">\n\t\t\t\t\t\t\t\t\t\t\t\t\t\t\t\t<a href=\"https:\/\/americacellbank.com\/alianzas-acb\/medplus\/\">\n\t\t\t\t\t\t\t<img loading=\"lazy\" decoding=\"async\" width=\"1772\" height=\"1772\" src=\"https:\/\/americacellbank.com\/wp-content\/uploads\/2025\/03\/Logo-MP.webp\" class=\"attachment-large size-large wp-image-8849\" alt=\"\" srcset=\"https:\/\/americacellbank.com\/wp-content\/uploads\/2025\/03\/Logo-MP.webp 1772w, https:\/\/americacellbank.com\/wp-content\/uploads\/2025\/03\/Logo-MP-768x768.webp 768w, https:\/\/americacellbank.com\/wp-content\/uploads\/2025\/03\/Logo-MP-1536x1536.webp 1536w\" sizes=\"(max-width: 1772px) 100vw, 1772px\" \/>\t\t\t\t\t\t\t\t<\/a>\n\t\t\t\t\t\t\t\t\t\t\t\t\t\t\t<\/div>\n\t\t\t\t<\/div>\n\t\t\t\t\t<\/div>\n\t\t<\/div>\n\t\t\t\t\t<\/div>\n\t\t<\/section>\n\t\t\t\t<section class=\"elementor-section elementor-inner-section elementor-element elementor-element-1042ae4 elementor-section-boxed elementor-section-height-default elementor-section-height-default\" data-id=\"1042ae4\" data-element_type=\"section\" data-e-type=\"section\">\n\t\t\t\t\t\t<div class=\"elementor-container elementor-column-gap-default\">\n\t\t\t\t\t<div class=\"elementor-column elementor-col-25 elementor-inner-column elementor-element elementor-element-d2b5477\" data-id=\"d2b5477\" data-element_type=\"column\" data-e-type=\"column\">\n\t\t\t<div class=\"elementor-widget-wrap elementor-element-populated\">\n\t\t\t\t\t\t<div class=\"elementor-element elementor-element-1846fa4 elementor-widget elementor-widget-image\" data-id=\"1846fa4\" data-element_type=\"widget\" data-e-type=\"widget\" data-widget_type=\"image.default\">\n\t\t\t\t<div class=\"elementor-widget-container\">\n\t\t\t\t\t\t\t\t\t\t\t\t\t\t\t\t<a href=\"https:\/\/americacellbank.com\/alianzas-acb\/compensar\/\">\n\t\t\t\t\t\t\t<img loading=\"lazy\" decoding=\"async\" width=\"416\" height=\"181\" src=\"https:\/\/americacellbank.com\/wp-content\/uploads\/2023\/08\/compensar.jpg\" class=\"attachment-large size-large wp-image-7190\" alt=\"\" \/>\t\t\t\t\t\t\t\t<\/a>\n\t\t\t\t\t\t\t\t\t\t\t\t\t\t\t<\/div>\n\t\t\t\t<\/div>\n\t\t\t\t\t<\/div>\n\t\t<\/div>\n\t\t\t\t<div class=\"elementor-column elementor-col-25 elementor-inner-column elementor-element elementor-element-5ccf91f\" data-id=\"5ccf91f\" data-element_type=\"column\" data-e-type=\"column\">\n\t\t\t<div class=\"elementor-widget-wrap elementor-element-populated\">\n\t\t\t\t\t\t<div class=\"elementor-element elementor-element-f5960b2 elementor-widget elementor-widget-image\" data-id=\"f5960b2\" data-element_type=\"widget\" data-e-type=\"widget\" data-widget_type=\"image.default\">\n\t\t\t\t<div class=\"elementor-widget-container\">\n\t\t\t\t\t\t\t\t\t\t\t\t\t\t\t\t<a href=\"https:\/\/americacellbank.com\/alianzas-acb\/colsanitas\/\">\n\t\t\t\t\t\t\t<img loading=\"lazy\" decoding=\"async\" width=\"416\" height=\"181\" src=\"https:\/\/americacellbank.com\/wp-content\/uploads\/2023\/08\/colsanitas.jpg\" class=\"attachment-large size-large wp-image-7188\" alt=\"\" \/>\t\t\t\t\t\t\t\t<\/a>\n\t\t\t\t\t\t\t\t\t\t\t\t\t\t\t<\/div>\n\t\t\t\t<\/div>\n\t\t\t\t\t<\/div>\n\t\t<\/div>\n\t\t\t\t<div class=\"elementor-column elementor-col-25 elementor-inner-column elementor-element elementor-element-2b2afb2\" data-id=\"2b2afb2\" data-element_type=\"column\" data-e-type=\"column\">\n\t\t\t<div class=\"elementor-widget-wrap elementor-element-populated\">\n\t\t\t\t\t\t<div class=\"elementor-element elementor-element-8fa18fb elementor-widget elementor-widget-image\" data-id=\"8fa18fb\" data-element_type=\"widget\" data-e-type=\"widget\" data-widget_type=\"image.default\">\n\t\t\t\t<div class=\"elementor-widget-container\">\n\t\t\t\t\t\t\t\t\t\t\t\t\t\t\t\t<a href=\"https:\/\/www.pac-sos.com.co\/experiencias-pac.php\" target=\"_blank\">\n\t\t\t\t\t\t\t<img loading=\"lazy\" decoding=\"async\" width=\"416\" height=\"181\" src=\"https:\/\/americacellbank.com\/wp-content\/uploads\/2023\/08\/sos.jpg\" class=\"attachment-large size-large wp-image-7192\" alt=\"\" \/>\t\t\t\t\t\t\t\t<\/a>\n\t\t\t\t\t\t\t\t\t\t\t\t\t\t\t<\/div>\n\t\t\t\t<\/div>\n\t\t\t\t\t<\/div>\n\t\t<\/div>\n\t\t\t\t<div class=\"elementor-column elementor-col-25 elementor-inner-column elementor-element elementor-element-9934a05\" data-id=\"9934a05\" data-element_type=\"column\" data-e-type=\"column\">\n\t\t\t<div class=\"elementor-widget-wrap elementor-element-populated\">\n\t\t\t\t\t\t<div class=\"elementor-element elementor-element-5fd257e elementor-widget elementor-widget-image\" data-id=\"5fd257e\" data-element_type=\"widget\" data-e-type=\"widget\" data-widget_type=\"image.default\">\n\t\t\t\t<div class=\"elementor-widget-container\">\n\t\t\t\t\t\t\t\t\t\t\t\t\t\t\t\t<a href=\"https:\/\/bestdoctors.com\/\" target=\"_blank\">\n\t\t\t\t\t\t\t<img loading=\"lazy\" decoding=\"async\" width=\"416\" height=\"181\" src=\"https:\/\/americacellbank.com\/wp-content\/uploads\/2023\/08\/best-doctors.jpg\" class=\"attachment-large size-large wp-image-7191\" alt=\"\" \/>\t\t\t\t\t\t\t\t<\/a>\n\t\t\t\t\t\t\t\t\t\t\t\t\t\t\t<\/div>\n\t\t\t\t<\/div>\n\t\t\t\t\t<\/div>\n\t\t<\/div>\n\t\t\t\t\t<\/div>\n\t\t<\/section>\n\t\t\t\t<div class=\"elementor-element elementor-element-0182808 elementor-widget-divider--view-line elementor-widget elementor-widget-divider\" data-id=\"0182808\" data-element_type=\"widget\" data-e-type=\"widget\" data-widget_type=\"divider.default\">\n\t\t\t\t<div class=\"elementor-widget-container\">\n\t\t\t\t\t\t\t<div class=\"elementor-divider\">\n\t\t\t<span class=\"elementor-divider-separator\">\n\t\t\t\t\t\t<\/span>\n\t\t<\/div>\n\t\t\t\t\t\t<\/div>\n\t\t\t\t<\/div>\n\t\t\t\t\t<\/div>\n\t\t<\/div>\n\t\t\t\t\t<\/div>\n\t\t<\/section>\n\t\t\t\t<\/div>\n\t\t","protected":false},"excerpt":{"rendered":"<p>They already trust our quality and that of our network of partners<\/p>\n","protected":false},"author":1,"featured_media":0,"parent":0,"menu_order":0,"comment_status":"closed","ping_status":"closed","template":"elementor_header_footer","meta":{"_acf_changed":false,"site-sidebar-layout":"no-sidebar","site-content-layout":"","ast-site-content-layout":"full-width-container","site-content-style":"default","site-sidebar-style":"default","ast-global-header-display":"","ast-banner-title-visibility":"","ast-main-header-display":"","ast-hfb-above-header-display":"","ast-hfb-below-header-display":"","ast-hfb-mobile-header-display":"","site-post-title":"","ast-breadcrumbs-content":"","ast-featured-img":"disabled","footer-sml-layout":"","ast-disable-related-posts":"","theme-transparent-header-meta":"","adv-header-id-meta":"","stick-header-meta":"","header-above-stick-meta":"","header-main-stick-meta":"","header-below-stick-meta":"","astra-migrate-meta-layouts":"default","ast-page-background-enabled":"default","ast-page-background-meta":{"desktop":{"background-color":"var(--ast-global-color-4)","background-image":"","background-repeat":"repeat","background-position":"center center","background-size":"auto","background-attachment":"scroll","background-type":"","background-media":"","overlay-type":"","overlay-color":"","overlay-opacity":"","overlay-gradient":""},"tablet":{"background-color":"","background-image":"","background-repeat":"repeat","background-position":"center center","background-size":"auto","background-attachment":"scroll","background-type":"","background-media":"","overlay-type":"","overlay-color":"","overlay-opacity":"","overlay-gradient":""},"mobile":{"background-color":"","background-image":"","background-repeat":"repeat","background-position":"center center","background-size":"auto","background-attachment":"scroll","background-type":"","background-media":"","overlay-type":"","overlay-color":"","overlay-opacity":"","overlay-gradient":""}},"ast-content-background-meta":{"desktop":{"background-color":"var(--ast-global-color-5)","background-image":"","background-repeat":"repeat","background-position":"center center","background-size":"auto","background-attachment":"scroll","background-type":"","background-media":"","overlay-type":"","overlay-color":"","overlay-opacity":"","overlay-gradient":""},"tablet":{"background-color":"var(--ast-global-color-5)","background-image":"","background-repeat":"repeat","background-position":"center center","background-size":"auto","background-attachment":"scroll","background-type":"","background-media":"","overlay-type":"","overlay-color":"","overlay-opacity":"","overlay-gradient":""},"mobile":{"background-color":"var(--ast-global-color-5)","background-image":"","background-repeat":"repeat","background-position":"center center","background-size":"auto","background-attachment":"scroll","background-type":"","background-media":"","overlay-type":"","overlay-color":"","overlay-opacity":"","overlay-gradient":""}},"_joinchat":[],"footnotes":""},"class_list":["post-12864","page","type-page","status-publish","hentry"],"acf":[],"yoast_head":"<!-- This site is optimized with the Yoast SEO plugin v27.4 - https:\/\/yoast.com\/product\/yoast-seo-wordpress\/ -->\n<title>ACB Alliances - America Cell Bank<\/title>\n<meta name=\"robots\" content=\"index, follow, max-snippet:-1, max-image-preview:large, max-video-preview:-1\" \/>\n<link rel=\"canonical\" href=\"https:\/\/americacellbank.com\/en\/acb-alliances\/\" \/>\n<meta property=\"og:locale\" content=\"en_US\" \/>\n<meta property=\"og:type\" content=\"article\" \/>\n<meta property=\"og:title\" content=\"ACB Alliances - America Cell Bank\" \/>\n<meta property=\"og:description\" content=\"They already trust our quality and that of our network of partners\" \/>\n<meta property=\"og:url\" content=\"https:\/\/americacellbank.com\/en\/acb-alliances\/\" \/>\n<meta property=\"og:site_name\" content=\"Banco de c\u00e9lulas madre en Colombia | America Cell Bank\" \/>\n<meta property=\"article:publisher\" content=\"https:\/\/www.facebook.com\/AmericaCellBankLatam\" \/>\n<meta property=\"article:modified_time\" content=\"2026-04-19T14:25:46+00:00\" \/>\n<meta property=\"og:image\" content=\"https:\/\/americacellbank.com\/wp-content\/uploads\/2023\/08\/colmedica.jpg\" \/>\n<meta name=\"twitter:card\" content=\"summary_large_image\" \/>\n<meta name=\"twitter:label1\" content=\"Est. reading time\" \/>\n\t<meta name=\"twitter:data1\" content=\"2 minutes\" \/>\n<script type=\"application\/ld+json\" class=\"yoast-schema-graph\">{\"@context\":\"https:\\\/\\\/schema.org\",\"@graph\":[{\"@type\":\"WebPage\",\"@id\":\"https:\\\/\\\/americacellbank.com\\\/en\\\/acb-alliances\\\/\",\"url\":\"https:\\\/\\\/americacellbank.com\\\/en\\\/acb-alliances\\\/\",\"name\":\"ACB Alliances - America Cell Bank\",\"isPartOf\":{\"@id\":\"https:\\\/\\\/americacellbank.com\\\/en\\\/#website\"},\"primaryImageOfPage\":{\"@id\":\"https:\\\/\\\/americacellbank.com\\\/en\\\/acb-alliances\\\/#primaryimage\"},\"image\":{\"@id\":\"https:\\\/\\\/americacellbank.com\\\/en\\\/acb-alliances\\\/#primaryimage\"},\"thumbnailUrl\":\"https:\\\/\\\/americacellbank.com\\\/wp-content\\\/uploads\\\/2023\\\/08\\\/colmedica.jpg\",\"datePublished\":\"2026-02-26T01:43:25+00:00\",\"dateModified\":\"2026-04-19T14:25:46+00:00\",\"inLanguage\":\"en-US\",\"potentialAction\":[{\"@type\":\"ReadAction\",\"target\":[\"https:\\\/\\\/americacellbank.com\\\/en\\\/acb-alliances\\\/\"]}]},{\"@type\":\"ImageObject\",\"inLanguage\":\"en-US\",\"@id\":\"https:\\\/\\\/americacellbank.com\\\/en\\\/acb-alliances\\\/#primaryimage\",\"url\":\"https:\\\/\\\/americacellbank.com\\\/wp-content\\\/uploads\\\/2023\\\/08\\\/colmedica.jpg\",\"contentUrl\":\"https:\\\/\\\/americacellbank.com\\\/wp-content\\\/uploads\\\/2023\\\/08\\\/colmedica.jpg\"},{\"@type\":\"WebSite\",\"@id\":\"https:\\\/\\\/americacellbank.com\\\/en\\\/#website\",\"url\":\"https:\\\/\\\/americacellbank.com\\\/en\\\/\",\"name\":\"Banco de c\u00e9lulas madre en Colombia | America Cell Bank\",\"description\":\"Ponemos a tu disposici\u00f3n nuestro banco de c\u00e9lulas madre bajo est\u00e1ndares internacionales | Servicios exclusivos en medicina regenerativa y gen\u00e9tica avanzada.\",\"publisher\":{\"@id\":\"https:\\\/\\\/americacellbank.com\\\/en\\\/#organization\"},\"alternateName\":\"America Cell Bank - Medicina Regenerativa\",\"potentialAction\":[{\"@type\":\"SearchAction\",\"target\":{\"@type\":\"EntryPoint\",\"urlTemplate\":\"https:\\\/\\\/americacellbank.com\\\/en\\\/?s={search_term_string}\"},\"query-input\":{\"@type\":\"PropertyValueSpecification\",\"valueRequired\":true,\"valueName\":\"search_term_string\"}}],\"inLanguage\":\"en-US\"},{\"@type\":\"Organization\",\"@id\":\"https:\\\/\\\/americacellbank.com\\\/en\\\/#organization\",\"name\":\"America Cell Bank\",\"alternateName\":\"ACB - Medicina regenerativa\",\"url\":\"https:\\\/\\\/americacellbank.com\\\/en\\\/\",\"logo\":{\"@type\":\"ImageObject\",\"inLanguage\":\"en-US\",\"@id\":\"https:\\\/\\\/americacellbank.com\\\/en\\\/#\\\/schema\\\/logo\\\/image\\\/\",\"url\":\"https:\\\/\\\/americacellbank.com\\\/wp-content\\\/uploads\\\/2023\\\/08\\\/America-cell-bank-logo.svg\",\"contentUrl\":\"https:\\\/\\\/americacellbank.com\\\/wp-content\\\/uploads\\\/2023\\\/08\\\/America-cell-bank-logo.svg\",\"caption\":\"America Cell Bank\"},\"image\":{\"@id\":\"https:\\\/\\\/americacellbank.com\\\/en\\\/#\\\/schema\\\/logo\\\/image\\\/\"},\"sameAs\":[\"https:\\\/\\\/www.facebook.com\\\/AmericaCellBankLatam\",\"https:\\\/\\\/www.linkedin.com\\\/company\\\/america-cell-bank\\\/\",\"https:\\\/\\\/www.instagram.com\\\/americacellbank\\\/\",\"https:\\\/\\\/www.youtube.com\\\/@AmericaCellBank\\\/videos\"]}]}<\/script>\n<!-- \/ Yoast SEO plugin. -->","yoast_head_json":{"title":"ACB Alliances - America Cell Bank","robots":{"index":"index","follow":"follow","max-snippet":"max-snippet:-1","max-image-preview":"max-image-preview:large","max-video-preview":"max-video-preview:-1"},"canonical":"https:\/\/americacellbank.com\/en\/acb-alliances\/","og_locale":"en_US","og_type":"article","og_title":"ACB Alliances - America Cell Bank","og_description":"They already trust our quality and that of our network of partners","og_url":"https:\/\/americacellbank.com\/en\/acb-alliances\/","og_site_name":"Banco de c\u00e9lulas madre en Colombia | America Cell Bank","article_publisher":"https:\/\/www.facebook.com\/AmericaCellBankLatam","article_modified_time":"2026-04-19T14:25:46+00:00","og_image":[{"url":"https:\/\/americacellbank.com\/wp-content\/uploads\/2023\/08\/colmedica.jpg","type":"","width":"","height":""}],"twitter_card":"summary_large_image","twitter_misc":{"Est. reading time":"2 minutes"},"schema":{"@context":"https:\/\/schema.org","@graph":[{"@type":"WebPage","@id":"https:\/\/americacellbank.com\/en\/acb-alliances\/","url":"https:\/\/americacellbank.com\/en\/acb-alliances\/","name":"ACB Alliances - America Cell Bank","isPartOf":{"@id":"https:\/\/americacellbank.com\/en\/#website"},"primaryImageOfPage":{"@id":"https:\/\/americacellbank.com\/en\/acb-alliances\/#primaryimage"},"image":{"@id":"https:\/\/americacellbank.com\/en\/acb-alliances\/#primaryimage"},"thumbnailUrl":"https:\/\/americacellbank.com\/wp-content\/uploads\/2023\/08\/colmedica.jpg","datePublished":"2026-02-26T01:43:25+00:00","dateModified":"2026-04-19T14:25:46+00:00","inLanguage":"en-US","potentialAction":[{"@type":"ReadAction","target":["https:\/\/americacellbank.com\/en\/acb-alliances\/"]}]},{"@type":"ImageObject","inLanguage":"en-US","@id":"https:\/\/americacellbank.com\/en\/acb-alliances\/#primaryimage","url":"https:\/\/americacellbank.com\/wp-content\/uploads\/2023\/08\/colmedica.jpg","contentUrl":"https:\/\/americacellbank.com\/wp-content\/uploads\/2023\/08\/colmedica.jpg"},{"@type":"WebSite","@id":"https:\/\/americacellbank.com\/en\/#website","url":"https:\/\/americacellbank.com\/en\/","name":"Banco de c\u00e9lulas madre en Colombia | America Cell Bank","description":"Ponemos a tu disposici\u00f3n nuestro banco de c\u00e9lulas madre bajo est\u00e1ndares internacionales | Servicios exclusivos en medicina regenerativa y gen\u00e9tica avanzada.","publisher":{"@id":"https:\/\/americacellbank.com\/en\/#organization"},"alternateName":"America Cell Bank - Medicina Regenerativa","potentialAction":[{"@type":"SearchAction","target":{"@type":"EntryPoint","urlTemplate":"https:\/\/americacellbank.com\/en\/?s={search_term_string}"},"query-input":{"@type":"PropertyValueSpecification","valueRequired":true,"valueName":"search_term_string"}}],"inLanguage":"en-US"},{"@type":"Organization","@id":"https:\/\/americacellbank.com\/en\/#organization","name":"America Cell Bank","alternateName":"ACB - Medicina regenerativa","url":"https:\/\/americacellbank.com\/en\/","logo":{"@type":"ImageObject","inLanguage":"en-US","@id":"https:\/\/americacellbank.com\/en\/#\/schema\/logo\/image\/","url":"https:\/\/americacellbank.com\/wp-content\/uploads\/2023\/08\/America-cell-bank-logo.svg","contentUrl":"https:\/\/americacellbank.com\/wp-content\/uploads\/2023\/08\/America-cell-bank-logo.svg","caption":"America Cell Bank"},"image":{"@id":"https:\/\/americacellbank.com\/en\/#\/schema\/logo\/image\/"},"sameAs":["https:\/\/www.facebook.com\/AmericaCellBankLatam","https:\/\/www.linkedin.com\/company\/america-cell-bank\/","https:\/\/www.instagram.com\/americacellbank\/","https:\/\/www.youtube.com\/@AmericaCellBank\/videos"]}]}},"_links":{"self":[{"href":"https:\/\/americacellbank.com\/en\/wp-json\/wp\/v2\/pages\/12864","targetHints":{"allow":["GET"]}}],"collection":[{"href":"https:\/\/americacellbank.com\/en\/wp-json\/wp\/v2\/pages"}],"about":[{"href":"https:\/\/americacellbank.com\/en\/wp-json\/wp\/v2\/types\/page"}],"author":[{"embeddable":true,"href":"https:\/\/americacellbank.com\/en\/wp-json\/wp\/v2\/users\/1"}],"replies":[{"embeddable":true,"href":"https:\/\/americacellbank.com\/en\/wp-json\/wp\/v2\/comments?post=12864"}],"version-history":[{"count":2,"href":"https:\/\/americacellbank.com\/en\/wp-json\/wp\/v2\/pages\/12864\/revisions"}],"predecessor-version":[{"id":12866,"href":"https:\/\/americacellbank.com\/en\/wp-json\/wp\/v2\/pages\/12864\/revisions\/12866"}],"wp:attachment":[{"href":"https:\/\/americacellbank.com\/en\/wp-json\/wp\/v2\/media?parent=12864"}],"curies":[{"name":"wp","href":"https:\/\/api.w.org\/{rel}","templated":true}]}}