{"id":12869,"date":"2026-02-25T21:35:54","date_gmt":"2026-02-26T02:35:54","guid":{"rendered":"https:\/\/americacellbank.com\/acb-alliances\/colsanitas\/"},"modified":"2026-04-19T09:34:37","modified_gmt":"2026-04-19T14:34:37","slug":"colsanitas","status":"publish","type":"page","link":"https:\/\/americacellbank.com\/en\/acb-alliances\/colsanitas\/","title":{"rendered":"Colsanitas"},"content":{"rendered":"\t\t<div data-elementor-type=\"wp-page\" data-elementor-id=\"12869\" class=\"elementor elementor-12869 elementor-11951\" data-elementor-post-type=\"page\">\n\t\t\t\t\t\t<section class=\"elementor-section elementor-top-section elementor-element elementor-element-a271966 elementor-section-full_width elementor-section-content-bottom elementor-section-height-default elementor-section-height-default\" data-id=\"a271966\" data-element_type=\"section\" data-e-type=\"section\" data-settings=\"{&quot;background_background&quot;:&quot;classic&quot;}\">\n\t\t\t\t\t\t<div class=\"elementor-container elementor-column-gap-no\">\n\t\t\t\t\t<div class=\"elementor-column elementor-col-100 elementor-top-column elementor-element elementor-element-ebee3dd\" data-id=\"ebee3dd\" data-element_type=\"column\" data-e-type=\"column\">\n\t\t\t<div class=\"elementor-widget-wrap elementor-element-populated\">\n\t\t\t\t\t\t<section class=\"elementor-section elementor-inner-section elementor-element elementor-element-0cb6528 elementor-section-boxed elementor-section-height-default elementor-section-height-default\" data-id=\"0cb6528\" data-element_type=\"section\" data-e-type=\"section\">\n\t\t\t\t\t\t<div class=\"elementor-container elementor-column-gap-default\">\n\t\t\t\t\t<div class=\"elementor-column elementor-col-100 elementor-inner-column elementor-element elementor-element-e07ba28\" data-id=\"e07ba28\" data-element_type=\"column\" data-e-type=\"column\">\n\t\t\t<div class=\"elementor-widget-wrap elementor-element-populated\">\n\t\t\t\t\t\t<div class=\"elementor-element elementor-element-fbf2403 elementor-widget elementor-widget-heading\" data-id=\"fbf2403\" data-element_type=\"widget\" data-e-type=\"widget\" data-widget_type=\"heading.default\">\n\t\t\t\t<div class=\"elementor-widget-container\">\n\t\t\t\t\t<span class=\"elementor-heading-title elementor-size-default\">Our partnership with:<\/span>\t\t\t\t<\/div>\n\t\t\t\t<\/div>\n\t\t\t\t<div class=\"elementor-element elementor-element-9b9fec6 elementor-widget elementor-widget-image\" data-id=\"9b9fec6\" data-element_type=\"widget\" data-e-type=\"widget\" data-widget_type=\"image.default\">\n\t\t\t\t<div class=\"elementor-widget-container\">\n\t\t\t\t\t\t\t\t\t\t\t\t\t\t\t<img fetchpriority=\"high\" decoding=\"async\" width=\"600\" height=\"250\" src=\"https:\/\/americacellbank.com\/wp-content\/uploads\/2026\/04\/colsanitas.png\" class=\"attachment-large size-large wp-image-12716\" alt=\"\" \/>\t\t\t\t\t\t\t\t\t\t\t\t\t\t\t<\/div>\n\t\t\t\t<\/div>\n\t\t\t\t\t<\/div>\n\t\t<\/div>\n\t\t\t\t\t<\/div>\n\t\t<\/section>\n\t\t\t\t\t<\/div>\n\t\t<\/div>\n\t\t\t\t\t<\/div>\n\t\t<\/section>\n\t\t\t\t<section class=\"elementor-section elementor-top-section elementor-element elementor-element-587f6a4e elementor-section-full_width elementor-section-height-default elementor-section-height-default\" data-id=\"587f6a4e\" data-element_type=\"section\" data-e-type=\"section\">\n\t\t\t\t\t\t<div class=\"elementor-container elementor-column-gap-no\">\n\t\t\t\t\t<div class=\"elementor-column elementor-col-33 elementor-top-column elementor-element elementor-element-33971c1a\" data-id=\"33971c1a\" data-element_type=\"column\" data-e-type=\"column\">\n\t\t\t<div class=\"elementor-widget-wrap elementor-element-populated\">\n\t\t\t\t\t\t<div class=\"elementor-element elementor-element-34965856 animated-slow elementor-absolute elementor-invisible elementor-widget elementor-widget-spacer\" data-id=\"34965856\" data-element_type=\"widget\" data-e-type=\"widget\" data-settings=\"{&quot;_animation&quot;:&quot;fadeInLeft&quot;,&quot;_position&quot;:&quot;absolute&quot;}\" data-widget_type=\"spacer.default\">\n\t\t\t\t<div class=\"elementor-widget-container\">\n\t\t\t\t\t\t\t<div class=\"elementor-spacer\">\n\t\t\t<div class=\"elementor-spacer-inner\"><\/div>\n\t\t<\/div>\n\t\t\t\t\t\t<\/div>\n\t\t\t\t<\/div>\n\t\t\t\t\t<\/div>\n\t\t<\/div>\n\t\t\t\t<div class=\"elementor-column elementor-col-33 elementor-top-column elementor-element elementor-element-1ca58186\" data-id=\"1ca58186\" data-element_type=\"column\" data-e-type=\"column\">\n\t\t\t<div class=\"elementor-widget-wrap elementor-element-populated\">\n\t\t\t\t\t\t<div class=\"elementor-element elementor-element-dfe4334 elementor-widget elementor-widget-text-editor\" data-id=\"dfe4334\" data-element_type=\"widget\" data-e-type=\"widget\" data-widget_type=\"text-editor.default\">\n\t\t\t\t<div class=\"elementor-widget-container\">\n\t\t\t\t\t\t\t\t\t<p><span style=\"font-weight: 400;\">Valid until March 15, 2026. 35% discount on umbilical cord stem cell collection and a free double family cord blood sample from the Biobank (valued at 500,000 pesos) at Am\u00e9rica Cell Bank, a certified laboratory at Cl\u00ednicas Colsanitas. <\/span><\/p><h4><strong>Benefits that ACB offers you:<\/strong><\/h4><ul><li style=\"font-weight: 400;\" aria-level=\"1\"><span style=\"font-weight: 400;\">They include 24\/7 emergency service.<\/span><\/li><li style=\"font-weight: 400;\" aria-level=\"1\"><span style=\"font-weight: 400;\">Safety and quality.<\/span><\/li><li style=\"font-weight: 400;\" aria-level=\"1\"><span style=\"font-weight: 400;\">Civil Liability Insurance (Mapfre) to guarantee the viability of the stored units.<\/span><\/li><li style=\"font-weight: 400;\" aria-level=\"1\"><span style=\"font-weight: 400;\">SEPAX2 and Smart Max technology from General Electric.<\/span><\/li><\/ul><p><span style=\"font-weight: 400;\">The only international company in Colombia with experience in Europe, the US, and Latin America, applying international and national protocols, with a backup bank in the US. Free shipping of stem cell units to any country worldwide for therapeutic treatment (hematopoietic stem cells). Automated and sealed technology for processing more stem cells without contamination. Service available at any clinic nationwide. Please present your Colsanitas and\/or Medisanitas membership card.    <\/span><\/p>\t\t\t\t\t\t\t\t<\/div>\n\t\t\t\t<\/div>\n\t\t\t\t<div class=\"elementor-element elementor-element-65176e8 elementor-widget__width-auto elementor-widget elementor-widget-button\" data-id=\"65176e8\" data-element_type=\"widget\" data-e-type=\"widget\" data-widget_type=\"button.default\">\n\t\t\t\t<div class=\"elementor-widget-container\">\n\t\t\t\t\t\t\t\t\t<div class=\"elementor-button-wrapper\">\n\t\t\t\t\t<a class=\"elementor-button elementor-button-link elementor-size-sm\" href=\"https:\/\/privilegios.colsanitas.com\/detalle\/colsanitas-america-cell-bank\" target=\"_blank\">\n\t\t\t\t\t\t<span class=\"elementor-button-content-wrapper\">\n\t\t\t\t\t\t<span class=\"elementor-button-icon\">\n\t\t\t\t<i aria-hidden=\"true\" class=\"fas fa-globe\"><\/i>\t\t\t<\/span>\n\t\t\t\t\t\t\t\t\t<span class=\"elementor-button-text\">See agreement<\/span>\n\t\t\t\t\t<\/span>\n\t\t\t\t\t<\/a>\n\t\t\t\t<\/div>\n\t\t\t\t\t\t\t\t<\/div>\n\t\t\t\t<\/div>\n\t\t\t\t<div class=\"elementor-element elementor-element-0464a2d elementor-widget__width-auto elementor-widget elementor-widget-button\" data-id=\"0464a2d\" data-element_type=\"widget\" data-e-type=\"widget\" data-widget_type=\"button.default\">\n\t\t\t\t<div class=\"elementor-widget-container\">\n\t\t\t\t\t\t\t\t\t<div class=\"elementor-button-wrapper\">\n\t\t\t\t\t<a class=\"elementor-button elementor-button-link elementor-size-sm\" href=\"https:\/\/americacellbank.com\/wp-content\/uploads\/2026\/03\/260223_CERTIFICACION_AMERICA_CELL_BIOMEDICA_VF_compressed.pdf\" target=\"_blank\">\n\t\t\t\t\t\t<span class=\"elementor-button-content-wrapper\">\n\t\t\t\t\t\t<span class=\"elementor-button-icon\">\n\t\t\t\t<i aria-hidden=\"true\" class=\"fas fa-globe\"><\/i>\t\t\t<\/span>\n\t\t\t\t\t\t\t\t\t<span class=\"elementor-button-text\">View Single Agreement Certificate<\/span>\n\t\t\t\t\t<\/span>\n\t\t\t\t\t<\/a>\n\t\t\t\t<\/div>\n\t\t\t\t\t\t\t\t<\/div>\n\t\t\t\t<\/div>\n\t\t\t\t<div class=\"elementor-element elementor-element-34ba6c5f elementor-widget__width-auto elementor-widget elementor-widget-button\" data-id=\"34ba6c5f\" data-element_type=\"widget\" data-e-type=\"widget\" data-widget_type=\"button.default\">\n\t\t\t\t<div class=\"elementor-widget-container\">\n\t\t\t\t\t\t\t\t\t<div class=\"elementor-button-wrapper\">\n\t\t\t\t\t<a class=\"elementor-button elementor-button-link elementor-size-sm\" href=\"https:\/\/wa.link\/hlvb1x\" target=\"_blank\">\n\t\t\t\t\t\t<span class=\"elementor-button-content-wrapper\">\n\t\t\t\t\t\t<span class=\"elementor-button-icon\">\n\t\t\t\t<i aria-hidden=\"true\" class=\"fab fa-whatsapp\"><\/i>\t\t\t<\/span>\n\t\t\t\t\t\t\t\t\t<span class=\"elementor-button-text\">More Information<\/span>\n\t\t\t\t\t<\/span>\n\t\t\t\t\t<\/a>\n\t\t\t\t<\/div>\n\t\t\t\t\t\t\t\t<\/div>\n\t\t\t\t<\/div>\n\t\t\t\t\t<\/div>\n\t\t<\/div>\n\t\t\t\t<div class=\"elementor-column elementor-col-33 elementor-top-column elementor-element elementor-element-306ab307\" data-id=\"306ab307\" data-element_type=\"column\" data-e-type=\"column\">\n\t\t\t<div class=\"elementor-widget-wrap elementor-element-populated\">\n\t\t\t\t\t\t<div class=\"elementor-element elementor-element-3cf17c8e animated-slow elementor-widget-laptop__width-initial elementor-invisible elementor-widget elementor-widget-spacer\" data-id=\"3cf17c8e\" data-element_type=\"widget\" data-e-type=\"widget\" data-settings=\"{&quot;_animation&quot;:&quot;fadeInRight&quot;}\" data-widget_type=\"spacer.default\">\n\t\t\t\t<div class=\"elementor-widget-container\">\n\t\t\t\t\t\t\t<div class=\"elementor-spacer\">\n\t\t\t<div class=\"elementor-spacer-inner\"><\/div>\n\t\t<\/div>\n\t\t\t\t\t\t<\/div>\n\t\t\t\t<\/div>\n\t\t\t\t\t<\/div>\n\t\t<\/div>\n\t\t\t\t\t<\/div>\n\t\t<\/section>\n\t\t\t\t<\/div>\n\t\t","protected":false},"excerpt":{"rendered":"<p>Our partnership with: Valid until March 15, 2026. 35% discount on umbilical cord stem cell collection and a free double family cord blood sample from the Biobank (valued at 500,000 pesos) at Am\u00e9rica Cell Bank, a certified laboratory at Cl\u00ednicas Colsanitas. Benefits that ACB offers you: They include 24\/7 emergency service. Safety and quality. Civil [&hellip;]<\/p>\n","protected":false},"author":1,"featured_media":0,"parent":12864,"menu_order":0,"comment_status":"closed","ping_status":"closed","template":"","meta":{"_acf_changed":false,"site-sidebar-layout":"no-sidebar","site-content-layout":"","ast-site-content-layout":"full-width-container","site-content-style":"default","site-sidebar-style":"default","ast-global-header-display":"","ast-banner-title-visibility":"","ast-main-header-display":"","ast-hfb-above-header-display":"","ast-hfb-below-header-display":"","ast-hfb-mobile-header-display":"","site-post-title":"disabled","ast-breadcrumbs-content":"","ast-featured-img":"disabled","footer-sml-layout":"","ast-disable-related-posts":"","theme-transparent-header-meta":"","adv-header-id-meta":"","stick-header-meta":"","header-above-stick-meta":"","header-main-stick-meta":"","header-below-stick-meta":"","astra-migrate-meta-layouts":"default","ast-page-background-enabled":"default","ast-page-background-meta":{"desktop":{"background-color":"var(--ast-global-color-4)","background-image":"","background-repeat":"repeat","background-position":"center center","background-size":"auto","background-attachment":"scroll","background-type":"","background-media":"","overlay-type":"","overlay-color":"","overlay-opacity":"","overlay-gradient":""},"tablet":{"background-color":"","background-image":"","background-repeat":"repeat","background-position":"center center","background-size":"auto","background-attachment":"scroll","background-type":"","background-media":"","overlay-type":"","overlay-color":"","overlay-opacity":"","overlay-gradient":""},"mobile":{"background-color":"","background-image":"","background-repeat":"repeat","background-position":"center center","background-size":"auto","background-attachment":"scroll","background-type":"","background-media":"","overlay-type":"","overlay-color":"","overlay-opacity":"","overlay-gradient":""}},"ast-content-background-meta":{"desktop":{"background-color":"var(--ast-global-color-5)","background-image":"","background-repeat":"repeat","background-position":"center center","background-size":"auto","background-attachment":"scroll","background-type":"","background-media":"","overlay-type":"","overlay-color":"","overlay-opacity":"","overlay-gradient":""},"tablet":{"background-color":"var(--ast-global-color-5)","background-image":"","background-repeat":"repeat","background-position":"center center","background-size":"auto","background-attachment":"scroll","background-type":"","background-media":"","overlay-type":"","overlay-color":"","overlay-opacity":"","overlay-gradient":""},"mobile":{"background-color":"var(--ast-global-color-5)","background-image":"","background-repeat":"repeat","background-position":"center center","background-size":"auto","background-attachment":"scroll","background-type":"","background-media":"","overlay-type":"","overlay-color":"","overlay-opacity":"","overlay-gradient":""}},"_joinchat":[],"footnotes":""},"class_list":["post-12869","page","type-page","status-publish","hentry"],"acf":[],"yoast_head":"<!-- This site is optimized with the Yoast SEO plugin v27.4 - https:\/\/yoast.com\/product\/yoast-seo-wordpress\/ -->\n<title>Colsanitas - Banco de c\u00e9lulas madre en Colombia | America Cell Bank<\/title>\n<meta name=\"description\" content=\"At Am\u00e9rica Cell Bank, a laboratory with established protocols at Colsanitas Clinics.\" \/>\n<meta name=\"robots\" content=\"index, follow, max-snippet:-1, max-image-preview:large, max-video-preview:-1\" \/>\n<link rel=\"canonical\" href=\"https:\/\/americacellbank.com\/en\/acb-alliances\/colsanitas\/\" \/>\n<meta property=\"og:locale\" content=\"en_US\" \/>\n<meta property=\"og:type\" content=\"article\" \/>\n<meta property=\"og:title\" content=\"Colsanitas - Banco de c\u00e9lulas madre en Colombia | America Cell Bank\" \/>\n<meta property=\"og:description\" content=\"At Am\u00e9rica Cell Bank, a laboratory with established protocols at Colsanitas Clinics.\" \/>\n<meta property=\"og:url\" content=\"https:\/\/americacellbank.com\/en\/acb-alliances\/colsanitas\/\" \/>\n<meta property=\"og:site_name\" content=\"Banco de c\u00e9lulas madre en Colombia | America Cell Bank\" \/>\n<meta property=\"article:publisher\" content=\"https:\/\/www.facebook.com\/AmericaCellBankLatam\" \/>\n<meta property=\"article:modified_time\" content=\"2026-04-19T14:34:37+00:00\" \/>\n<meta property=\"og:image\" content=\"https:\/\/americacellbank.com\/wp-content\/uploads\/2026\/04\/colsanitas.png\" \/>\n\t<meta property=\"og:image:width\" content=\"600\" \/>\n\t<meta property=\"og:image:height\" content=\"250\" \/>\n\t<meta property=\"og:image:type\" content=\"image\/png\" \/>\n<meta name=\"twitter:card\" content=\"summary_large_image\" \/>\n<meta name=\"twitter:label1\" content=\"Est. reading time\" \/>\n\t<meta name=\"twitter:data1\" content=\"1 minute\" \/>\n<script type=\"application\/ld+json\" class=\"yoast-schema-graph\">{\"@context\":\"https:\\\/\\\/schema.org\",\"@graph\":[{\"@type\":\"WebPage\",\"@id\":\"https:\\\/\\\/americacellbank.com\\\/en\\\/acb-alliances\\\/colsanitas\\\/\",\"url\":\"https:\\\/\\\/americacellbank.com\\\/en\\\/acb-alliances\\\/colsanitas\\\/\",\"name\":\"Colsanitas - Banco de c\u00e9lulas madre en Colombia | America Cell Bank\",\"isPartOf\":{\"@id\":\"https:\\\/\\\/americacellbank.com\\\/en\\\/#website\"},\"primaryImageOfPage\":{\"@id\":\"https:\\\/\\\/americacellbank.com\\\/en\\\/acb-alliances\\\/colsanitas\\\/#primaryimage\"},\"image\":{\"@id\":\"https:\\\/\\\/americacellbank.com\\\/en\\\/acb-alliances\\\/colsanitas\\\/#primaryimage\"},\"thumbnailUrl\":\"https:\\\/\\\/americacellbank.com\\\/wp-content\\\/uploads\\\/2026\\\/04\\\/colsanitas.png\",\"datePublished\":\"2026-02-26T02:35:54+00:00\",\"dateModified\":\"2026-04-19T14:34:37+00:00\",\"description\":\"At Am\u00e9rica Cell Bank, a laboratory with established protocols at Colsanitas Clinics.\",\"breadcrumb\":{\"@id\":\"https:\\\/\\\/americacellbank.com\\\/en\\\/acb-alliances\\\/colsanitas\\\/#breadcrumb\"},\"inLanguage\":\"en-US\",\"potentialAction\":[{\"@type\":\"ReadAction\",\"target\":[\"https:\\\/\\\/americacellbank.com\\\/en\\\/acb-alliances\\\/colsanitas\\\/\"]}]},{\"@type\":\"ImageObject\",\"inLanguage\":\"en-US\",\"@id\":\"https:\\\/\\\/americacellbank.com\\\/en\\\/acb-alliances\\\/colsanitas\\\/#primaryimage\",\"url\":\"https:\\\/\\\/americacellbank.com\\\/wp-content\\\/uploads\\\/2026\\\/04\\\/colsanitas.png\",\"contentUrl\":\"https:\\\/\\\/americacellbank.com\\\/wp-content\\\/uploads\\\/2026\\\/04\\\/colsanitas.png\"},{\"@type\":\"BreadcrumbList\",\"@id\":\"https:\\\/\\\/americacellbank.com\\\/en\\\/acb-alliances\\\/colsanitas\\\/#breadcrumb\",\"itemListElement\":[{\"@type\":\"ListItem\",\"position\":1,\"name\":\"ACB Alliances\",\"item\":\"https:\\\/\\\/americacellbank.com\\\/en\\\/acb-alliances\\\/\"},{\"@type\":\"ListItem\",\"position\":2,\"name\":\"Colsanitas\"}]},{\"@type\":\"WebSite\",\"@id\":\"https:\\\/\\\/americacellbank.com\\\/en\\\/#website\",\"url\":\"https:\\\/\\\/americacellbank.com\\\/en\\\/\",\"name\":\"Banco de c\u00e9lulas madre en Colombia | America Cell Bank\",\"description\":\"Ponemos a tu disposici\u00f3n nuestro banco de c\u00e9lulas madre bajo est\u00e1ndares internacionales | Servicios exclusivos en medicina regenerativa y gen\u00e9tica avanzada.\",\"publisher\":{\"@id\":\"https:\\\/\\\/americacellbank.com\\\/en\\\/#organization\"},\"alternateName\":\"America Cell Bank - Medicina Regenerativa\",\"potentialAction\":[{\"@type\":\"SearchAction\",\"target\":{\"@type\":\"EntryPoint\",\"urlTemplate\":\"https:\\\/\\\/americacellbank.com\\\/en\\\/?s={search_term_string}\"},\"query-input\":{\"@type\":\"PropertyValueSpecification\",\"valueRequired\":true,\"valueName\":\"search_term_string\"}}],\"inLanguage\":\"en-US\"},{\"@type\":\"Organization\",\"@id\":\"https:\\\/\\\/americacellbank.com\\\/en\\\/#organization\",\"name\":\"America Cell Bank\",\"alternateName\":\"ACB - Medicina regenerativa\",\"url\":\"https:\\\/\\\/americacellbank.com\\\/en\\\/\",\"logo\":{\"@type\":\"ImageObject\",\"inLanguage\":\"en-US\",\"@id\":\"https:\\\/\\\/americacellbank.com\\\/en\\\/#\\\/schema\\\/logo\\\/image\\\/\",\"url\":\"https:\\\/\\\/americacellbank.com\\\/wp-content\\\/uploads\\\/2023\\\/08\\\/America-cell-bank-logo.svg\",\"contentUrl\":\"https:\\\/\\\/americacellbank.com\\\/wp-content\\\/uploads\\\/2023\\\/08\\\/America-cell-bank-logo.svg\",\"caption\":\"America Cell Bank\"},\"image\":{\"@id\":\"https:\\\/\\\/americacellbank.com\\\/en\\\/#\\\/schema\\\/logo\\\/image\\\/\"},\"sameAs\":[\"https:\\\/\\\/www.facebook.com\\\/AmericaCellBankLatam\",\"https:\\\/\\\/www.linkedin.com\\\/company\\\/america-cell-bank\\\/\",\"https:\\\/\\\/www.instagram.com\\\/americacellbank\\\/\",\"https:\\\/\\\/www.youtube.com\\\/@AmericaCellBank\\\/videos\"]}]}<\/script>\n<!-- \/ Yoast SEO plugin. -->","yoast_head_json":{"title":"Colsanitas - Banco de c\u00e9lulas madre en Colombia | America Cell Bank","description":"At Am\u00e9rica Cell Bank, a laboratory with established protocols at Colsanitas Clinics.","robots":{"index":"index","follow":"follow","max-snippet":"max-snippet:-1","max-image-preview":"max-image-preview:large","max-video-preview":"max-video-preview:-1"},"canonical":"https:\/\/americacellbank.com\/en\/acb-alliances\/colsanitas\/","og_locale":"en_US","og_type":"article","og_title":"Colsanitas - Banco de c\u00e9lulas madre en Colombia | America Cell Bank","og_description":"At Am\u00e9rica Cell Bank, a laboratory with established protocols at Colsanitas Clinics.","og_url":"https:\/\/americacellbank.com\/en\/acb-alliances\/colsanitas\/","og_site_name":"Banco de c\u00e9lulas madre en Colombia | America Cell Bank","article_publisher":"https:\/\/www.facebook.com\/AmericaCellBankLatam","article_modified_time":"2026-04-19T14:34:37+00:00","og_image":[{"width":600,"height":250,"url":"https:\/\/americacellbank.com\/wp-content\/uploads\/2026\/04\/colsanitas.png","type":"image\/png"}],"twitter_card":"summary_large_image","twitter_misc":{"Est. reading time":"1 minute"},"schema":{"@context":"https:\/\/schema.org","@graph":[{"@type":"WebPage","@id":"https:\/\/americacellbank.com\/en\/acb-alliances\/colsanitas\/","url":"https:\/\/americacellbank.com\/en\/acb-alliances\/colsanitas\/","name":"Colsanitas - Banco de c\u00e9lulas madre en Colombia | America Cell Bank","isPartOf":{"@id":"https:\/\/americacellbank.com\/en\/#website"},"primaryImageOfPage":{"@id":"https:\/\/americacellbank.com\/en\/acb-alliances\/colsanitas\/#primaryimage"},"image":{"@id":"https:\/\/americacellbank.com\/en\/acb-alliances\/colsanitas\/#primaryimage"},"thumbnailUrl":"https:\/\/americacellbank.com\/wp-content\/uploads\/2026\/04\/colsanitas.png","datePublished":"2026-02-26T02:35:54+00:00","dateModified":"2026-04-19T14:34:37+00:00","description":"At Am\u00e9rica Cell Bank, a laboratory with established protocols at Colsanitas Clinics.","breadcrumb":{"@id":"https:\/\/americacellbank.com\/en\/acb-alliances\/colsanitas\/#breadcrumb"},"inLanguage":"en-US","potentialAction":[{"@type":"ReadAction","target":["https:\/\/americacellbank.com\/en\/acb-alliances\/colsanitas\/"]}]},{"@type":"ImageObject","inLanguage":"en-US","@id":"https:\/\/americacellbank.com\/en\/acb-alliances\/colsanitas\/#primaryimage","url":"https:\/\/americacellbank.com\/wp-content\/uploads\/2026\/04\/colsanitas.png","contentUrl":"https:\/\/americacellbank.com\/wp-content\/uploads\/2026\/04\/colsanitas.png"},{"@type":"BreadcrumbList","@id":"https:\/\/americacellbank.com\/en\/acb-alliances\/colsanitas\/#breadcrumb","itemListElement":[{"@type":"ListItem","position":1,"name":"ACB Alliances","item":"https:\/\/americacellbank.com\/en\/acb-alliances\/"},{"@type":"ListItem","position":2,"name":"Colsanitas"}]},{"@type":"WebSite","@id":"https:\/\/americacellbank.com\/en\/#website","url":"https:\/\/americacellbank.com\/en\/","name":"Banco de c\u00e9lulas madre en Colombia | America Cell Bank","description":"Ponemos a tu disposici\u00f3n nuestro banco de c\u00e9lulas madre bajo est\u00e1ndares internacionales | Servicios exclusivos en medicina regenerativa y gen\u00e9tica avanzada.","publisher":{"@id":"https:\/\/americacellbank.com\/en\/#organization"},"alternateName":"America Cell Bank - Medicina Regenerativa","potentialAction":[{"@type":"SearchAction","target":{"@type":"EntryPoint","urlTemplate":"https:\/\/americacellbank.com\/en\/?s={search_term_string}"},"query-input":{"@type":"PropertyValueSpecification","valueRequired":true,"valueName":"search_term_string"}}],"inLanguage":"en-US"},{"@type":"Organization","@id":"https:\/\/americacellbank.com\/en\/#organization","name":"America Cell Bank","alternateName":"ACB - Medicina regenerativa","url":"https:\/\/americacellbank.com\/en\/","logo":{"@type":"ImageObject","inLanguage":"en-US","@id":"https:\/\/americacellbank.com\/en\/#\/schema\/logo\/image\/","url":"https:\/\/americacellbank.com\/wp-content\/uploads\/2023\/08\/America-cell-bank-logo.svg","contentUrl":"https:\/\/americacellbank.com\/wp-content\/uploads\/2023\/08\/America-cell-bank-logo.svg","caption":"America Cell Bank"},"image":{"@id":"https:\/\/americacellbank.com\/en\/#\/schema\/logo\/image\/"},"sameAs":["https:\/\/www.facebook.com\/AmericaCellBankLatam","https:\/\/www.linkedin.com\/company\/america-cell-bank\/","https:\/\/www.instagram.com\/americacellbank\/","https:\/\/www.youtube.com\/@AmericaCellBank\/videos"]}]}},"_links":{"self":[{"href":"https:\/\/americacellbank.com\/en\/wp-json\/wp\/v2\/pages\/12869","targetHints":{"allow":["GET"]}}],"collection":[{"href":"https:\/\/americacellbank.com\/en\/wp-json\/wp\/v2\/pages"}],"about":[{"href":"https:\/\/americacellbank.com\/en\/wp-json\/wp\/v2\/types\/page"}],"author":[{"embeddable":true,"href":"https:\/\/americacellbank.com\/en\/wp-json\/wp\/v2\/users\/1"}],"replies":[{"embeddable":true,"href":"https:\/\/americacellbank.com\/en\/wp-json\/wp\/v2\/comments?post=12869"}],"version-history":[{"count":2,"href":"https:\/\/americacellbank.com\/en\/wp-json\/wp\/v2\/pages\/12869\/revisions"}],"predecessor-version":[{"id":12871,"href":"https:\/\/americacellbank.com\/en\/wp-json\/wp\/v2\/pages\/12869\/revisions\/12871"}],"up":[{"embeddable":true,"href":"https:\/\/americacellbank.com\/en\/wp-json\/wp\/v2\/pages\/12864"}],"wp:attachment":[{"href":"https:\/\/americacellbank.com\/en\/wp-json\/wp\/v2\/media?parent=12869"}],"curies":[{"name":"wp","href":"https:\/\/api.w.org\/{rel}","templated":true}]}}