{"id":12872,"date":"2026-02-25T20:59:37","date_gmt":"2026-02-26T01:59:37","guid":{"rendered":"https:\/\/americacellbank.com\/acb-alliances\/compensar\/"},"modified":"2026-04-19T09:39:14","modified_gmt":"2026-04-19T14:39:14","slug":"compensar","status":"publish","type":"page","link":"https:\/\/americacellbank.com\/en\/acb-alliances\/compensar\/","title":{"rendered":"Compensar"},"content":{"rendered":"\t\t<div data-elementor-type=\"wp-page\" data-elementor-id=\"12872\" class=\"elementor elementor-12872 elementor-11898\" data-elementor-post-type=\"page\">\n\t\t\t\t\t\t<section class=\"elementor-section elementor-top-section elementor-element elementor-element-f2db011 elementor-section-full_width elementor-section-content-bottom elementor-section-height-default elementor-section-height-default\" data-id=\"f2db011\" data-element_type=\"section\" data-e-type=\"section\" data-settings=\"{&quot;background_background&quot;:&quot;classic&quot;}\">\n\t\t\t\t\t\t<div class=\"elementor-container elementor-column-gap-no\">\n\t\t\t\t\t<div class=\"elementor-column elementor-col-100 elementor-top-column elementor-element elementor-element-93c0d4e\" data-id=\"93c0d4e\" data-element_type=\"column\" data-e-type=\"column\">\n\t\t\t<div class=\"elementor-widget-wrap elementor-element-populated\">\n\t\t\t\t\t\t<section class=\"elementor-section elementor-inner-section elementor-element elementor-element-6995357 elementor-section-boxed elementor-section-height-default elementor-section-height-default\" data-id=\"6995357\" data-element_type=\"section\" data-e-type=\"section\">\n\t\t\t\t\t\t<div class=\"elementor-container elementor-column-gap-default\">\n\t\t\t\t\t<div class=\"elementor-column elementor-col-100 elementor-inner-column elementor-element elementor-element-f2fa072\" data-id=\"f2fa072\" data-element_type=\"column\" data-e-type=\"column\">\n\t\t\t<div class=\"elementor-widget-wrap elementor-element-populated\">\n\t\t\t\t\t\t<div class=\"elementor-element elementor-element-b7eeb75 elementor-widget elementor-widget-heading\" data-id=\"b7eeb75\" data-element_type=\"widget\" data-e-type=\"widget\" data-widget_type=\"heading.default\">\n\t\t\t\t<div class=\"elementor-widget-container\">\n\t\t\t\t\t<span class=\"elementor-heading-title elementor-size-default\">Our partnership with:<\/span>\t\t\t\t<\/div>\n\t\t\t\t<\/div>\n\t\t\t\t<div class=\"elementor-element elementor-element-12f7ef6 elementor-widget elementor-widget-image\" data-id=\"12f7ef6\" data-element_type=\"widget\" data-e-type=\"widget\" data-widget_type=\"image.default\">\n\t\t\t\t<div class=\"elementor-widget-container\">\n\t\t\t\t\t\t\t\t\t\t\t\t\t\t\t<img fetchpriority=\"high\" decoding=\"async\" width=\"600\" height=\"250\" src=\"https:\/\/americacellbank.com\/wp-content\/uploads\/2026\/04\/compensar.png\" class=\"attachment-large size-large wp-image-12711\" alt=\"\" \/>\t\t\t\t\t\t\t\t\t\t\t\t\t\t\t<\/div>\n\t\t\t\t<\/div>\n\t\t\t\t\t<\/div>\n\t\t<\/div>\n\t\t\t\t\t<\/div>\n\t\t<\/section>\n\t\t\t\t\t<\/div>\n\t\t<\/div>\n\t\t\t\t\t<\/div>\n\t\t<\/section>\n\t\t\t\t<section class=\"elementor-section elementor-top-section elementor-element elementor-element-1a1d7d2d elementor-section-full_width elementor-section-height-default elementor-section-height-default\" data-id=\"1a1d7d2d\" data-element_type=\"section\" data-e-type=\"section\">\n\t\t\t\t\t\t<div class=\"elementor-container elementor-column-gap-no\">\n\t\t\t\t\t<div class=\"elementor-column elementor-col-33 elementor-top-column elementor-element elementor-element-a2861e\" data-id=\"a2861e\" data-element_type=\"column\" data-e-type=\"column\">\n\t\t\t<div class=\"elementor-widget-wrap elementor-element-populated\">\n\t\t\t\t\t\t<div class=\"elementor-element elementor-element-60163612 animated-slow elementor-absolute elementor-invisible elementor-widget elementor-widget-spacer\" data-id=\"60163612\" data-element_type=\"widget\" data-e-type=\"widget\" data-settings=\"{&quot;_animation&quot;:&quot;fadeInLeft&quot;,&quot;_position&quot;:&quot;absolute&quot;}\" data-widget_type=\"spacer.default\">\n\t\t\t\t<div class=\"elementor-widget-container\">\n\t\t\t\t\t\t\t<div class=\"elementor-spacer\">\n\t\t\t<div class=\"elementor-spacer-inner\"><\/div>\n\t\t<\/div>\n\t\t\t\t\t\t<\/div>\n\t\t\t\t<\/div>\n\t\t\t\t\t<\/div>\n\t\t<\/div>\n\t\t\t\t<div class=\"elementor-column elementor-col-33 elementor-top-column elementor-element elementor-element-4e49a37\" data-id=\"4e49a37\" data-element_type=\"column\" data-e-type=\"column\">\n\t\t\t<div class=\"elementor-widget-wrap elementor-element-populated\">\n\t\t\t\t\t\t<div class=\"elementor-element elementor-element-2aab477 elementor-widget elementor-widget-text-editor\" data-id=\"2aab477\" data-element_type=\"widget\" data-e-type=\"widget\" data-widget_type=\"text-editor.default\">\n\t\t\t\t<div class=\"elementor-widget-container\">\n\t\t\t\t\t\t\t\t\t<p><span style=\"font-weight: 400;\">America Cell Bank, a multinational specializing in family medicine, offers the service of collecting and storing umbilical cord stem cells, providing families with an alternative for prevention and care for the future. <\/span><\/p><p><span style=\"font-weight: 400;\">Stem cells present in umbilical cord blood and tissue can be collected and stored for potential use in treating more than 80 diseases, including:<\/span><\/p><ul><li style=\"font-weight: 400;\" aria-level=\"1\"><span style=\"font-weight: 400;\">Blood disorders<\/span><\/li><li style=\"font-weight: 400;\" aria-level=\"1\"><span style=\"font-weight: 400;\">Neurological diseases<\/span><\/li><li style=\"font-weight: 400;\" aria-level=\"1\"><span style=\"font-weight: 400;\">Autoimmune diseases<\/span><\/li><li style=\"font-weight: 400;\" aria-level=\"1\"><span style=\"font-weight: 400;\">Regenerative medicine (Arthritis, osteoarthritis, sports injuries)<\/span><\/li><li style=\"font-weight: 400;\" aria-level=\"1\"><span style=\"font-weight: 400;\">Among others<\/span><\/li><\/ul><p><span style=\"font-weight: 400;\">The collection can only be done at the time of delivery, as it is the only opportunity to preserve this unique biological material, capable of becoming a medical resource for the baby and their family in the future.<\/span><\/p><p><b>Why store stem cells?<\/b><\/p><ul><li style=\"font-weight: 400;\" aria-level=\"1\"><span style=\"font-weight: 400;\">Therapeutic potential<\/span><\/li><li style=\"font-weight: 400;\" aria-level=\"1\"><span style=\"font-weight: 400;\">Family compatibility<\/span><\/li><li style=\"font-weight: 400;\" aria-level=\"1\"><span style=\"font-weight: 400;\">Application in regenerative medicine<\/span><\/li><li style=\"font-weight: 400;\" aria-level=\"1\"><span style=\"font-weight: 400;\">Biological insurance for the whole family<\/span><\/li><li style=\"font-weight: 400;\" aria-level=\"1\"><span style=\"font-weight: 400;\">Stem cell collection poses no risk to the health of the mother or the baby<\/span><\/li><\/ul><p><span style=\"font-weight: 400;\">If you are a member of Compensar Caja and\/or Compensar Complementary Plan, you receive:<\/span><\/p><ol><li><span style=\"font-weight: 400;\">   <\/span><b>35% discount on your stem cell collection plan (blood and umbilical cord tissue) <\/b><\/li><\/ol><p><b>Additional benefits to your plan:<\/b><\/p><ul><li style=\"font-weight: 400;\" aria-level=\"1\"><span style=\"font-weight: 400;\">Collection kit included.<\/span><\/li><li style=\"font-weight: 400;\" aria-level=\"1\"><span style=\"font-weight: 400;\">Biomonitored transport.<\/span><\/li><li style=\"font-weight: 400;\" aria-level=\"1\"><span style=\"font-weight: 400;\">Personalized advice and support.<\/span><\/li><li style=\"font-weight: 400;\" aria-level=\"1\"><span style=\"font-weight: 400;\">50% dto en el servicio de doble cord\u00f3n familiar (1 al\u00edcuota\u202fextra de tejido de cord\u00f3n umbilical) para uso en Terapia Celular de la familia).<\/span><\/li><li style=\"font-weight: 400;\" aria-level=\"1\"><span style=\"font-weight: 400;\">0% interest financing.<\/span><\/li><\/ul><ol start=\"2\"><li><b> 15% discount on regenerative medicine services.<\/b><\/li><\/ol><p><span style=\"font-weight: 400;\">Regenerative therapies are medical treatments that aim to repair, regenerate, or improve the body&#8217;s tissues and functions using its own natural healing mechanisms. These include stem cell therapies, platelet-rich plasma (PRP), exosomes, and serum therapy, which help reduce inflammation, relieve pain, and promote recovery in various health conditions. <\/span><\/p><p><span style=\"font-weight: 400;\">These therapies are used as support in injuries, chronic diseases and degenerative processes, with a personalized, safe approach aimed at improving quality of life.<\/span><\/p><p><strong>For more information, contact America CellBank&#8217;s WhatsApp line.<\/strong><\/p>\t\t\t\t\t\t\t\t<\/div>\n\t\t\t\t<\/div>\n\t\t\t\t<div class=\"elementor-element elementor-element-90392c3 elementor-widget__width-auto elementor-widget elementor-widget-button\" data-id=\"90392c3\" data-element_type=\"widget\" data-e-type=\"widget\" data-widget_type=\"button.default\">\n\t\t\t\t<div class=\"elementor-widget-container\">\n\t\t\t\t\t\t\t\t\t<div class=\"elementor-button-wrapper\">\n\t\t\t\t\t<a class=\"elementor-button elementor-button-link elementor-size-sm\" href=\"https:\/\/wa.me\/+573186801741\" target=\"_blank\">\n\t\t\t\t\t\t<span class=\"elementor-button-content-wrapper\">\n\t\t\t\t\t\t<span class=\"elementor-button-icon\">\n\t\t\t\t<i aria-hidden=\"true\" class=\"fab fa-whatsapp\"><\/i>\t\t\t<\/span>\n\t\t\t\t\t\t\t\t\t<span class=\"elementor-button-text\">WhatsApp line <\/span>\n\t\t\t\t\t<\/span>\n\t\t\t\t\t<\/a>\n\t\t\t\t<\/div>\n\t\t\t\t\t\t\t\t<\/div>\n\t\t\t\t<\/div>\n\t\t\t\t<div class=\"elementor-element elementor-element-f237622 elementor-widget__width-auto elementor-widget elementor-widget-button\" data-id=\"f237622\" data-element_type=\"widget\" data-e-type=\"widget\" data-widget_type=\"button.default\">\n\t\t\t\t<div class=\"elementor-widget-container\">\n\t\t\t\t\t\t\t\t\t<div class=\"elementor-button-wrapper\">\n\t\t\t\t\t<a class=\"elementor-button elementor-button-link elementor-size-sm\" href=\"https:\/\/corporativo.compensar.com\/descuentos-beneficios\/categorias\/salud-bienestar\/america-cell-bank\" target=\"_blank\">\n\t\t\t\t\t\t<span class=\"elementor-button-content-wrapper\">\n\t\t\t\t\t\t<span class=\"elementor-button-icon\">\n\t\t\t\t<i aria-hidden=\"true\" class=\"fas fa-globe\"><\/i>\t\t\t<\/span>\n\t\t\t\t\t\t\t\t\t<span class=\"elementor-button-text\">See agreement<\/span>\n\t\t\t\t\t<\/span>\n\t\t\t\t\t<\/a>\n\t\t\t\t<\/div>\n\t\t\t\t\t\t\t\t<\/div>\n\t\t\t\t<\/div>\n\t\t\t\t\t<\/div>\n\t\t<\/div>\n\t\t\t\t<div class=\"elementor-column elementor-col-33 elementor-top-column elementor-element elementor-element-52e9355f\" data-id=\"52e9355f\" data-element_type=\"column\" data-e-type=\"column\">\n\t\t\t<div class=\"elementor-widget-wrap elementor-element-populated\">\n\t\t\t\t\t\t<div class=\"elementor-element elementor-element-366d113f animated-slow elementor-widget-laptop__width-initial elementor-invisible elementor-widget elementor-widget-spacer\" data-id=\"366d113f\" data-element_type=\"widget\" data-e-type=\"widget\" data-settings=\"{&quot;_animation&quot;:&quot;fadeInRight&quot;}\" data-widget_type=\"spacer.default\">\n\t\t\t\t<div class=\"elementor-widget-container\">\n\t\t\t\t\t\t\t<div class=\"elementor-spacer\">\n\t\t\t<div class=\"elementor-spacer-inner\"><\/div>\n\t\t<\/div>\n\t\t\t\t\t\t<\/div>\n\t\t\t\t<\/div>\n\t\t\t\t\t<\/div>\n\t\t<\/div>\n\t\t\t\t\t<\/div>\n\t\t<\/section>\n\t\t\t\t<\/div>\n\t\t","protected":false},"excerpt":{"rendered":"<p>Our partnership with: America Cell Bank, a multinational specializing in family medicine, offers the service of collecting and storing umbilical cord stem cells, providing families with an alternative for prevention and care for the future. Stem cells present in umbilical cord blood and tissue can be collected and stored for potential use in treating more [&hellip;]<\/p>\n","protected":false},"author":1,"featured_media":0,"parent":12864,"menu_order":0,"comment_status":"closed","ping_status":"closed","template":"","meta":{"_acf_changed":false,"site-sidebar-layout":"no-sidebar","site-content-layout":"","ast-site-content-layout":"full-width-container","site-content-style":"default","site-sidebar-style":"default","ast-global-header-display":"","ast-banner-title-visibility":"","ast-main-header-display":"","ast-hfb-above-header-display":"","ast-hfb-below-header-display":"","ast-hfb-mobile-header-display":"","site-post-title":"disabled","ast-breadcrumbs-content":"","ast-featured-img":"disabled","footer-sml-layout":"","ast-disable-related-posts":"","theme-transparent-header-meta":"","adv-header-id-meta":"","stick-header-meta":"","header-above-stick-meta":"","header-main-stick-meta":"","header-below-stick-meta":"","astra-migrate-meta-layouts":"default","ast-page-background-enabled":"default","ast-page-background-meta":{"desktop":{"background-color":"var(--ast-global-color-4)","background-image":"","background-repeat":"repeat","background-position":"center center","background-size":"auto","background-attachment":"scroll","background-type":"","background-media":"","overlay-type":"","overlay-color":"","overlay-opacity":"","overlay-gradient":""},"tablet":{"background-color":"","background-image":"","background-repeat":"repeat","background-position":"center center","background-size":"auto","background-attachment":"scroll","background-type":"","background-media":"","overlay-type":"","overlay-color":"","overlay-opacity":"","overlay-gradient":""},"mobile":{"background-color":"","background-image":"","background-repeat":"repeat","background-position":"center center","background-size":"auto","background-attachment":"scroll","background-type":"","background-media":"","overlay-type":"","overlay-color":"","overlay-opacity":"","overlay-gradient":""}},"ast-content-background-meta":{"desktop":{"background-color":"var(--ast-global-color-5)","background-image":"","background-repeat":"repeat","background-position":"center center","background-size":"auto","background-attachment":"scroll","background-type":"","background-media":"","overlay-type":"","overlay-color":"","overlay-opacity":"","overlay-gradient":""},"tablet":{"background-color":"var(--ast-global-color-5)","background-image":"","background-repeat":"repeat","background-position":"center center","background-size":"auto","background-attachment":"scroll","background-type":"","background-media":"","overlay-type":"","overlay-color":"","overlay-opacity":"","overlay-gradient":""},"mobile":{"background-color":"var(--ast-global-color-5)","background-image":"","background-repeat":"repeat","background-position":"center center","background-size":"auto","background-attachment":"scroll","background-type":"","background-media":"","overlay-type":"","overlay-color":"","overlay-opacity":"","overlay-gradient":""}},"_joinchat":[],"footnotes":""},"class_list":["post-12872","page","type-page","status-publish","hentry"],"acf":[],"yoast_head":"<!-- This site is optimized with the Yoast SEO plugin v27.4 - https:\/\/yoast.com\/product\/yoast-seo-wordpress\/ -->\n<title>Compensar | America Cell Bank<\/title>\n<meta name=\"robots\" content=\"index, follow, max-snippet:-1, max-image-preview:large, max-video-preview:-1\" \/>\n<link rel=\"canonical\" href=\"https:\/\/americacellbank.com\/en\/acb-alliances\/compensar\/\" \/>\n<meta property=\"og:locale\" content=\"en_US\" \/>\n<meta property=\"og:type\" content=\"article\" \/>\n<meta property=\"og:title\" content=\"Compensar | America Cell Bank\" \/>\n<meta property=\"og:description\" content=\"Our partnership with: America Cell Bank, a multinational specializing in family medicine, offers the service of collecting and storing umbilical cord stem cells, providing families with an alternative for prevention and care for the future. Stem cells present in umbilical cord blood and tissue can be collected and stored for potential use in treating more [&hellip;]\" \/>\n<meta property=\"og:url\" content=\"https:\/\/americacellbank.com\/en\/acb-alliances\/compensar\/\" \/>\n<meta property=\"og:site_name\" content=\"Banco de c\u00e9lulas madre en Colombia | America Cell Bank\" \/>\n<meta property=\"article:publisher\" content=\"https:\/\/www.facebook.com\/AmericaCellBankLatam\" \/>\n<meta property=\"article:modified_time\" content=\"2026-04-19T14:39:14+00:00\" \/>\n<meta property=\"og:image\" content=\"https:\/\/americacellbank.com\/wp-content\/uploads\/2026\/04\/compensar.png\" \/>\n\t<meta property=\"og:image:width\" content=\"600\" \/>\n\t<meta property=\"og:image:height\" content=\"250\" \/>\n\t<meta property=\"og:image:type\" content=\"image\/png\" \/>\n<meta name=\"twitter:card\" content=\"summary_large_image\" \/>\n<meta name=\"twitter:label1\" content=\"Est. reading time\" \/>\n\t<meta name=\"twitter:data1\" content=\"1 minute\" \/>\n<script type=\"application\/ld+json\" class=\"yoast-schema-graph\">{\"@context\":\"https:\\\/\\\/schema.org\",\"@graph\":[{\"@type\":\"WebPage\",\"@id\":\"https:\\\/\\\/americacellbank.com\\\/en\\\/acb-alliances\\\/compensar\\\/\",\"url\":\"https:\\\/\\\/americacellbank.com\\\/en\\\/acb-alliances\\\/compensar\\\/\",\"name\":\"Compensar | America Cell Bank\",\"isPartOf\":{\"@id\":\"https:\\\/\\\/americacellbank.com\\\/en\\\/#website\"},\"primaryImageOfPage\":{\"@id\":\"https:\\\/\\\/americacellbank.com\\\/en\\\/acb-alliances\\\/compensar\\\/#primaryimage\"},\"image\":{\"@id\":\"https:\\\/\\\/americacellbank.com\\\/en\\\/acb-alliances\\\/compensar\\\/#primaryimage\"},\"thumbnailUrl\":\"https:\\\/\\\/americacellbank.com\\\/wp-content\\\/uploads\\\/2026\\\/04\\\/compensar.png\",\"datePublished\":\"2026-02-26T01:59:37+00:00\",\"dateModified\":\"2026-04-19T14:39:14+00:00\",\"breadcrumb\":{\"@id\":\"https:\\\/\\\/americacellbank.com\\\/en\\\/acb-alliances\\\/compensar\\\/#breadcrumb\"},\"inLanguage\":\"en-US\",\"potentialAction\":[{\"@type\":\"ReadAction\",\"target\":[\"https:\\\/\\\/americacellbank.com\\\/en\\\/acb-alliances\\\/compensar\\\/\"]}]},{\"@type\":\"ImageObject\",\"inLanguage\":\"en-US\",\"@id\":\"https:\\\/\\\/americacellbank.com\\\/en\\\/acb-alliances\\\/compensar\\\/#primaryimage\",\"url\":\"https:\\\/\\\/americacellbank.com\\\/wp-content\\\/uploads\\\/2026\\\/04\\\/compensar.png\",\"contentUrl\":\"https:\\\/\\\/americacellbank.com\\\/wp-content\\\/uploads\\\/2026\\\/04\\\/compensar.png\"},{\"@type\":\"BreadcrumbList\",\"@id\":\"https:\\\/\\\/americacellbank.com\\\/en\\\/acb-alliances\\\/compensar\\\/#breadcrumb\",\"itemListElement\":[{\"@type\":\"ListItem\",\"position\":1,\"name\":\"ACB Alliances\",\"item\":\"https:\\\/\\\/americacellbank.com\\\/en\\\/acb-alliances\\\/\"},{\"@type\":\"ListItem\",\"position\":2,\"name\":\"Compensar\"}]},{\"@type\":\"WebSite\",\"@id\":\"https:\\\/\\\/americacellbank.com\\\/en\\\/#website\",\"url\":\"https:\\\/\\\/americacellbank.com\\\/en\\\/\",\"name\":\"Banco de c\u00e9lulas madre en Colombia | America Cell Bank\",\"description\":\"Ponemos a tu disposici\u00f3n nuestro banco de c\u00e9lulas madre bajo est\u00e1ndares internacionales | Servicios exclusivos en medicina regenerativa y gen\u00e9tica avanzada.\",\"publisher\":{\"@id\":\"https:\\\/\\\/americacellbank.com\\\/en\\\/#organization\"},\"alternateName\":\"America Cell Bank - Medicina Regenerativa\",\"potentialAction\":[{\"@type\":\"SearchAction\",\"target\":{\"@type\":\"EntryPoint\",\"urlTemplate\":\"https:\\\/\\\/americacellbank.com\\\/en\\\/?s={search_term_string}\"},\"query-input\":{\"@type\":\"PropertyValueSpecification\",\"valueRequired\":true,\"valueName\":\"search_term_string\"}}],\"inLanguage\":\"en-US\"},{\"@type\":\"Organization\",\"@id\":\"https:\\\/\\\/americacellbank.com\\\/en\\\/#organization\",\"name\":\"America Cell Bank\",\"alternateName\":\"ACB - Medicina regenerativa\",\"url\":\"https:\\\/\\\/americacellbank.com\\\/en\\\/\",\"logo\":{\"@type\":\"ImageObject\",\"inLanguage\":\"en-US\",\"@id\":\"https:\\\/\\\/americacellbank.com\\\/en\\\/#\\\/schema\\\/logo\\\/image\\\/\",\"url\":\"https:\\\/\\\/americacellbank.com\\\/wp-content\\\/uploads\\\/2023\\\/08\\\/America-cell-bank-logo.svg\",\"contentUrl\":\"https:\\\/\\\/americacellbank.com\\\/wp-content\\\/uploads\\\/2023\\\/08\\\/America-cell-bank-logo.svg\",\"caption\":\"America Cell Bank\"},\"image\":{\"@id\":\"https:\\\/\\\/americacellbank.com\\\/en\\\/#\\\/schema\\\/logo\\\/image\\\/\"},\"sameAs\":[\"https:\\\/\\\/www.facebook.com\\\/AmericaCellBankLatam\",\"https:\\\/\\\/www.linkedin.com\\\/company\\\/america-cell-bank\\\/\",\"https:\\\/\\\/www.instagram.com\\\/americacellbank\\\/\",\"https:\\\/\\\/www.youtube.com\\\/@AmericaCellBank\\\/videos\"]}]}<\/script>\n<!-- \/ Yoast SEO plugin. -->","yoast_head_json":{"title":"Compensar | America Cell Bank","robots":{"index":"index","follow":"follow","max-snippet":"max-snippet:-1","max-image-preview":"max-image-preview:large","max-video-preview":"max-video-preview:-1"},"canonical":"https:\/\/americacellbank.com\/en\/acb-alliances\/compensar\/","og_locale":"en_US","og_type":"article","og_title":"Compensar | America Cell Bank","og_description":"Our partnership with: America Cell Bank, a multinational specializing in family medicine, offers the service of collecting and storing umbilical cord stem cells, providing families with an alternative for prevention and care for the future. Stem cells present in umbilical cord blood and tissue can be collected and stored for potential use in treating more [&hellip;]","og_url":"https:\/\/americacellbank.com\/en\/acb-alliances\/compensar\/","og_site_name":"Banco de c\u00e9lulas madre en Colombia | America Cell Bank","article_publisher":"https:\/\/www.facebook.com\/AmericaCellBankLatam","article_modified_time":"2026-04-19T14:39:14+00:00","og_image":[{"width":600,"height":250,"url":"https:\/\/americacellbank.com\/wp-content\/uploads\/2026\/04\/compensar.png","type":"image\/png"}],"twitter_card":"summary_large_image","twitter_misc":{"Est. reading time":"1 minute"},"schema":{"@context":"https:\/\/schema.org","@graph":[{"@type":"WebPage","@id":"https:\/\/americacellbank.com\/en\/acb-alliances\/compensar\/","url":"https:\/\/americacellbank.com\/en\/acb-alliances\/compensar\/","name":"Compensar | America Cell Bank","isPartOf":{"@id":"https:\/\/americacellbank.com\/en\/#website"},"primaryImageOfPage":{"@id":"https:\/\/americacellbank.com\/en\/acb-alliances\/compensar\/#primaryimage"},"image":{"@id":"https:\/\/americacellbank.com\/en\/acb-alliances\/compensar\/#primaryimage"},"thumbnailUrl":"https:\/\/americacellbank.com\/wp-content\/uploads\/2026\/04\/compensar.png","datePublished":"2026-02-26T01:59:37+00:00","dateModified":"2026-04-19T14:39:14+00:00","breadcrumb":{"@id":"https:\/\/americacellbank.com\/en\/acb-alliances\/compensar\/#breadcrumb"},"inLanguage":"en-US","potentialAction":[{"@type":"ReadAction","target":["https:\/\/americacellbank.com\/en\/acb-alliances\/compensar\/"]}]},{"@type":"ImageObject","inLanguage":"en-US","@id":"https:\/\/americacellbank.com\/en\/acb-alliances\/compensar\/#primaryimage","url":"https:\/\/americacellbank.com\/wp-content\/uploads\/2026\/04\/compensar.png","contentUrl":"https:\/\/americacellbank.com\/wp-content\/uploads\/2026\/04\/compensar.png"},{"@type":"BreadcrumbList","@id":"https:\/\/americacellbank.com\/en\/acb-alliances\/compensar\/#breadcrumb","itemListElement":[{"@type":"ListItem","position":1,"name":"ACB Alliances","item":"https:\/\/americacellbank.com\/en\/acb-alliances\/"},{"@type":"ListItem","position":2,"name":"Compensar"}]},{"@type":"WebSite","@id":"https:\/\/americacellbank.com\/en\/#website","url":"https:\/\/americacellbank.com\/en\/","name":"Banco de c\u00e9lulas madre en Colombia | America Cell Bank","description":"Ponemos a tu disposici\u00f3n nuestro banco de c\u00e9lulas madre bajo est\u00e1ndares internacionales | Servicios exclusivos en medicina regenerativa y gen\u00e9tica avanzada.","publisher":{"@id":"https:\/\/americacellbank.com\/en\/#organization"},"alternateName":"America Cell Bank - Medicina Regenerativa","potentialAction":[{"@type":"SearchAction","target":{"@type":"EntryPoint","urlTemplate":"https:\/\/americacellbank.com\/en\/?s={search_term_string}"},"query-input":{"@type":"PropertyValueSpecification","valueRequired":true,"valueName":"search_term_string"}}],"inLanguage":"en-US"},{"@type":"Organization","@id":"https:\/\/americacellbank.com\/en\/#organization","name":"America Cell Bank","alternateName":"ACB - Medicina regenerativa","url":"https:\/\/americacellbank.com\/en\/","logo":{"@type":"ImageObject","inLanguage":"en-US","@id":"https:\/\/americacellbank.com\/en\/#\/schema\/logo\/image\/","url":"https:\/\/americacellbank.com\/wp-content\/uploads\/2023\/08\/America-cell-bank-logo.svg","contentUrl":"https:\/\/americacellbank.com\/wp-content\/uploads\/2023\/08\/America-cell-bank-logo.svg","caption":"America Cell Bank"},"image":{"@id":"https:\/\/americacellbank.com\/en\/#\/schema\/logo\/image\/"},"sameAs":["https:\/\/www.facebook.com\/AmericaCellBankLatam","https:\/\/www.linkedin.com\/company\/america-cell-bank\/","https:\/\/www.instagram.com\/americacellbank\/","https:\/\/www.youtube.com\/@AmericaCellBank\/videos"]}]}},"_links":{"self":[{"href":"https:\/\/americacellbank.com\/en\/wp-json\/wp\/v2\/pages\/12872","targetHints":{"allow":["GET"]}}],"collection":[{"href":"https:\/\/americacellbank.com\/en\/wp-json\/wp\/v2\/pages"}],"about":[{"href":"https:\/\/americacellbank.com\/en\/wp-json\/wp\/v2\/types\/page"}],"author":[{"embeddable":true,"href":"https:\/\/americacellbank.com\/en\/wp-json\/wp\/v2\/users\/1"}],"replies":[{"embeddable":true,"href":"https:\/\/americacellbank.com\/en\/wp-json\/wp\/v2\/comments?post=12872"}],"version-history":[{"count":2,"href":"https:\/\/americacellbank.com\/en\/wp-json\/wp\/v2\/pages\/12872\/revisions"}],"predecessor-version":[{"id":12874,"href":"https:\/\/americacellbank.com\/en\/wp-json\/wp\/v2\/pages\/12872\/revisions\/12874"}],"up":[{"embeddable":true,"href":"https:\/\/americacellbank.com\/en\/wp-json\/wp\/v2\/pages\/12864"}],"wp:attachment":[{"href":"https:\/\/americacellbank.com\/en\/wp-json\/wp\/v2\/media?parent=12872"}],"curies":[{"name":"wp","href":"https:\/\/api.w.org\/{rel}","templated":true}]}}