{"id":12877,"date":"2026-02-25T21:30:23","date_gmt":"2026-02-26T02:30:23","guid":{"rendered":"https:\/\/americacellbank.com\/acb-alliances\/cordon-coomeva\/"},"modified":"2026-04-19T09:44:21","modified_gmt":"2026-04-19T14:44:21","slug":"cordon-coomeva","status":"publish","type":"page","link":"https:\/\/americacellbank.com\/en\/acb-alliances\/cordon-coomeva\/","title":{"rendered":"Cord\u00f3n Coomeva"},"content":{"rendered":"\t\t<div data-elementor-type=\"wp-page\" data-elementor-id=\"12877\" class=\"elementor elementor-12877 elementor-11941\" data-elementor-post-type=\"page\">\n\t\t\t\t\t\t<section class=\"elementor-section elementor-top-section elementor-element elementor-element-da3f7ec elementor-section-full_width elementor-section-content-bottom elementor-section-height-default elementor-section-height-default\" data-id=\"da3f7ec\" data-element_type=\"section\" data-e-type=\"section\" data-settings=\"{&quot;background_background&quot;:&quot;classic&quot;}\">\n\t\t\t\t\t\t<div class=\"elementor-container elementor-column-gap-no\">\n\t\t\t\t\t<div class=\"elementor-column elementor-col-100 elementor-top-column elementor-element elementor-element-cf492ba\" data-id=\"cf492ba\" data-element_type=\"column\" data-e-type=\"column\">\n\t\t\t<div class=\"elementor-widget-wrap elementor-element-populated\">\n\t\t\t\t\t\t<section class=\"elementor-section elementor-inner-section elementor-element elementor-element-0b6c8a1 elementor-section-boxed elementor-section-height-default elementor-section-height-default\" data-id=\"0b6c8a1\" data-element_type=\"section\" data-e-type=\"section\">\n\t\t\t\t\t\t<div class=\"elementor-container elementor-column-gap-default\">\n\t\t\t\t\t<div class=\"elementor-column elementor-col-100 elementor-inner-column elementor-element elementor-element-661115c\" data-id=\"661115c\" data-element_type=\"column\" data-e-type=\"column\">\n\t\t\t<div class=\"elementor-widget-wrap elementor-element-populated\">\n\t\t\t\t\t\t<div class=\"elementor-element elementor-element-80d9462 elementor-widget elementor-widget-heading\" data-id=\"80d9462\" data-element_type=\"widget\" data-e-type=\"widget\" data-widget_type=\"heading.default\">\n\t\t\t\t<div class=\"elementor-widget-container\">\n\t\t\t\t\t<span class=\"elementor-heading-title elementor-size-default\">Our partnership with:<\/span>\t\t\t\t<\/div>\n\t\t\t\t<\/div>\n\t\t\t\t<div class=\"elementor-element elementor-element-9409ec9 elementor-widget elementor-widget-image\" data-id=\"9409ec9\" data-element_type=\"widget\" data-e-type=\"widget\" data-widget_type=\"image.default\">\n\t\t\t\t<div class=\"elementor-widget-container\">\n\t\t\t\t\t\t\t\t\t\t\t\t\t\t\t<img fetchpriority=\"high\" decoding=\"async\" width=\"832\" height=\"362\" src=\"https:\/\/americacellbank.com\/wp-content\/uploads\/2023\/10\/coomeve-medicina-prepagada-opt.webp\" class=\"attachment-large size-large wp-image-4935\" alt=\"\" srcset=\"https:\/\/americacellbank.com\/wp-content\/uploads\/2023\/10\/coomeve-medicina-prepagada-opt.webp 832w, https:\/\/americacellbank.com\/wp-content\/uploads\/2023\/10\/coomeve-medicina-prepagada-opt-768x334.webp 768w\" sizes=\"(max-width: 832px) 100vw, 832px\" \/>\t\t\t\t\t\t\t\t\t\t\t\t\t\t\t<\/div>\n\t\t\t\t<\/div>\n\t\t\t\t\t<\/div>\n\t\t<\/div>\n\t\t\t\t\t<\/div>\n\t\t<\/section>\n\t\t\t\t\t<\/div>\n\t\t<\/div>\n\t\t\t\t\t<\/div>\n\t\t<\/section>\n\t\t\t\t<section class=\"elementor-section elementor-top-section elementor-element elementor-element-4fe1bee3 elementor-section-full_width elementor-section-height-default elementor-section-height-default\" data-id=\"4fe1bee3\" data-element_type=\"section\" data-e-type=\"section\">\n\t\t\t\t\t\t<div class=\"elementor-container elementor-column-gap-no\">\n\t\t\t\t\t<div class=\"elementor-column elementor-col-33 elementor-top-column elementor-element elementor-element-10d0ec6f\" data-id=\"10d0ec6f\" data-element_type=\"column\" data-e-type=\"column\">\n\t\t\t<div class=\"elementor-widget-wrap elementor-element-populated\">\n\t\t\t\t\t\t<div class=\"elementor-element elementor-element-1a7493c1 animated-slow elementor-absolute elementor-invisible elementor-widget elementor-widget-spacer\" data-id=\"1a7493c1\" data-element_type=\"widget\" data-e-type=\"widget\" data-settings=\"{&quot;_animation&quot;:&quot;fadeInLeft&quot;,&quot;_position&quot;:&quot;absolute&quot;}\" data-widget_type=\"spacer.default\">\n\t\t\t\t<div class=\"elementor-widget-container\">\n\t\t\t\t\t\t\t<div class=\"elementor-spacer\">\n\t\t\t<div class=\"elementor-spacer-inner\"><\/div>\n\t\t<\/div>\n\t\t\t\t\t\t<\/div>\n\t\t\t\t<\/div>\n\t\t\t\t\t<\/div>\n\t\t<\/div>\n\t\t\t\t<div class=\"elementor-column elementor-col-33 elementor-top-column elementor-element elementor-element-ff1c2c7\" data-id=\"ff1c2c7\" data-element_type=\"column\" data-e-type=\"column\">\n\t\t\t<div class=\"elementor-widget-wrap elementor-element-populated\">\n\t\t\t\t\t\t<div class=\"elementor-element elementor-element-3eda7f02 elementor-widget elementor-widget-text-editor\" data-id=\"3eda7f02\" data-element_type=\"widget\" data-e-type=\"widget\" data-widget_type=\"text-editor.default\">\n\t\t\t\t<div class=\"elementor-widget-container\">\n\t\t\t\t\t\t\t\t\t<h4><span style=\"font-weight: 400;\">Are you pregnant or planning to become a mother?<\/span><\/h4><p>At Coomeva Prepaid Medicine, we care about your well-being and that of your baby. That&#8217;s why we offer you the possibility of preserving their stem cells and ensuring their health from the very first moment of life.<br>If you have maternity coverage in the <span style=\"font-weight: 400;\"><strong>Gold Plus Program<\/strong><\/span>, you&#8217;ll have access to an exclusive benefit thanks to our partnership with America Cell Bank, a leader in biomedicine.<\/p>\t\t\t\t\t\t\t\t<\/div>\n\t\t\t\t<\/div>\n\t\t\t\t<div class=\"elementor-element elementor-element-e10fa5a elementor-widget elementor-widget-image\" data-id=\"e10fa5a\" data-element_type=\"widget\" data-e-type=\"widget\" data-widget_type=\"image.default\">\n\t\t\t\t<div class=\"elementor-widget-container\">\n\t\t\t\t\t\t\t\t\t\t\t\t\t\t\t<img decoding=\"async\" width=\"1200\" height=\"564\" src=\"https:\/\/americacellbank.com\/wp-content\/uploads\/2026\/02\/coomeva-prepagada.webp\" class=\"attachment-large size-large wp-image-11943\" alt=\"\" srcset=\"https:\/\/americacellbank.com\/wp-content\/uploads\/2026\/02\/coomeva-prepagada.webp 1200w, https:\/\/americacellbank.com\/wp-content\/uploads\/2026\/02\/coomeva-prepagada-768x361.webp 768w\" sizes=\"(max-width: 1200px) 100vw, 1200px\" \/>\t\t\t\t\t\t\t\t\t\t\t\t\t\t\t<\/div>\n\t\t\t\t<\/div>\n\t\t\t\t<div class=\"elementor-element elementor-element-0c67e3d elementor-widget elementor-widget-text-editor\" data-id=\"0c67e3d\" data-element_type=\"widget\" data-e-type=\"widget\" data-widget_type=\"text-editor.default\">\n\t\t\t\t<div class=\"elementor-widget-container\">\n\t\t\t\t\t\t\t\t\t<p><span style=\"font-weight: 400;\">*Contractual conditions and the limits stipulated in the Oro Plus program coverage annex apply. Coverage will operate as long as membership is uninterrupted from its inception. <\/span><\/p><p><strong>*The amount to be paid by the pregnant user of the Oro Plus program in the year 2026 will be $2,969,250<\/strong><\/p>\t\t\t\t\t\t\t\t<\/div>\n\t\t\t\t<\/div>\n\t\t\t\t<div class=\"elementor-element elementor-element-9ef3348 elementor-widget__width-auto elementor-widget elementor-widget-button\" data-id=\"9ef3348\" data-element_type=\"widget\" data-e-type=\"widget\" data-widget_type=\"button.default\">\n\t\t\t\t<div class=\"elementor-widget-container\">\n\t\t\t\t\t\t\t\t\t<div class=\"elementor-button-wrapper\">\n\t\t\t\t\t<a class=\"elementor-button elementor-button-link elementor-size-sm\" href=\"https:\/\/medicinaprepagada.coomeva.com.co\/medicina_prepagada\/publicaciones\/171990\/recolecta-instantes-de-amor-y-cuidado-para-su-vida\/\" target=\"_blank\">\n\t\t\t\t\t\t<span class=\"elementor-button-content-wrapper\">\n\t\t\t\t\t\t<span class=\"elementor-button-icon\">\n\t\t\t\t<i aria-hidden=\"true\" class=\"fas fa-globe\"><\/i>\t\t\t<\/span>\n\t\t\t\t\t\t\t\t\t<span class=\"elementor-button-text\">See agreement<\/span>\n\t\t\t\t\t<\/span>\n\t\t\t\t\t<\/a>\n\t\t\t\t<\/div>\n\t\t\t\t\t\t\t\t<\/div>\n\t\t\t\t<\/div>\n\t\t\t\t\t<\/div>\n\t\t<\/div>\n\t\t\t\t<div class=\"elementor-column elementor-col-33 elementor-top-column elementor-element elementor-element-6a06bba2\" data-id=\"6a06bba2\" data-element_type=\"column\" data-e-type=\"column\">\n\t\t\t<div class=\"elementor-widget-wrap elementor-element-populated\">\n\t\t\t\t\t\t<div class=\"elementor-element elementor-element-49d3c6ca animated-slow elementor-widget-laptop__width-initial elementor-invisible elementor-widget elementor-widget-spacer\" data-id=\"49d3c6ca\" data-element_type=\"widget\" data-e-type=\"widget\" data-settings=\"{&quot;_animation&quot;:&quot;fadeInRight&quot;}\" data-widget_type=\"spacer.default\">\n\t\t\t\t<div class=\"elementor-widget-container\">\n\t\t\t\t\t\t\t<div class=\"elementor-spacer\">\n\t\t\t<div class=\"elementor-spacer-inner\"><\/div>\n\t\t<\/div>\n\t\t\t\t\t\t<\/div>\n\t\t\t\t<\/div>\n\t\t\t\t\t<\/div>\n\t\t<\/div>\n\t\t\t\t\t<\/div>\n\t\t<\/section>\n\t\t\t\t<\/div>\n\t\t","protected":false},"excerpt":{"rendered":"<p>Our partnership with: Are you pregnant or planning to become a mother? At Coomeva Prepaid Medicine, we care about your well-being and that of your baby. That&#8217;s why we offer you the possibility of preserving their stem cells and ensuring their health from the very first moment of life.If you have maternity coverage in the [&hellip;]<\/p>\n","protected":false},"author":1,"featured_media":0,"parent":12864,"menu_order":0,"comment_status":"closed","ping_status":"closed","template":"","meta":{"_acf_changed":false,"site-sidebar-layout":"no-sidebar","site-content-layout":"","ast-site-content-layout":"full-width-container","site-content-style":"default","site-sidebar-style":"default","ast-global-header-display":"","ast-banner-title-visibility":"","ast-main-header-display":"","ast-hfb-above-header-display":"","ast-hfb-below-header-display":"","ast-hfb-mobile-header-display":"","site-post-title":"disabled","ast-breadcrumbs-content":"","ast-featured-img":"disabled","footer-sml-layout":"","ast-disable-related-posts":"","theme-transparent-header-meta":"","adv-header-id-meta":"","stick-header-meta":"","header-above-stick-meta":"","header-main-stick-meta":"","header-below-stick-meta":"","astra-migrate-meta-layouts":"default","ast-page-background-enabled":"default","ast-page-background-meta":{"desktop":{"background-color":"var(--ast-global-color-4)","background-image":"","background-repeat":"repeat","background-position":"center center","background-size":"auto","background-attachment":"scroll","background-type":"","background-media":"","overlay-type":"","overlay-color":"","overlay-opacity":"","overlay-gradient":""},"tablet":{"background-color":"","background-image":"","background-repeat":"repeat","background-position":"center center","background-size":"auto","background-attachment":"scroll","background-type":"","background-media":"","overlay-type":"","overlay-color":"","overlay-opacity":"","overlay-gradient":""},"mobile":{"background-color":"","background-image":"","background-repeat":"repeat","background-position":"center center","background-size":"auto","background-attachment":"scroll","background-type":"","background-media":"","overlay-type":"","overlay-color":"","overlay-opacity":"","overlay-gradient":""}},"ast-content-background-meta":{"desktop":{"background-color":"var(--ast-global-color-5)","background-image":"","background-repeat":"repeat","background-position":"center center","background-size":"auto","background-attachment":"scroll","background-type":"","background-media":"","overlay-type":"","overlay-color":"","overlay-opacity":"","overlay-gradient":""},"tablet":{"background-color":"var(--ast-global-color-5)","background-image":"","background-repeat":"repeat","background-position":"center center","background-size":"auto","background-attachment":"scroll","background-type":"","background-media":"","overlay-type":"","overlay-color":"","overlay-opacity":"","overlay-gradient":""},"mobile":{"background-color":"var(--ast-global-color-5)","background-image":"","background-repeat":"repeat","background-position":"center center","background-size":"auto","background-attachment":"scroll","background-type":"","background-media":"","overlay-type":"","overlay-color":"","overlay-opacity":"","overlay-gradient":""}},"_joinchat":[],"footnotes":""},"class_list":["post-12877","page","type-page","status-publish","hentry"],"acf":[],"yoast_head":"<!-- This site is optimized with the Yoast SEO plugin v27.4 - https:\/\/yoast.com\/product\/yoast-seo-wordpress\/ -->\n<title>Cord\u00f3n Coomeva - Banco de c\u00e9lulas madre en Colombia | America Cell Bank<\/title>\n<meta name=\"description\" content=\"At Coomeva Prepaid Medicine, we care about your well-being and that of your baby, which is why we offer you the possibility of preserving their stem cells and ensuring their health from the first moment of life.\" \/>\n<meta name=\"robots\" content=\"index, follow, max-snippet:-1, max-image-preview:large, max-video-preview:-1\" \/>\n<link rel=\"canonical\" href=\"https:\/\/americacellbank.com\/en\/acb-alliances\/cordon-coomeva\/\" \/>\n<meta property=\"og:locale\" content=\"en_US\" \/>\n<meta property=\"og:type\" content=\"article\" \/>\n<meta property=\"og:title\" content=\"Cord\u00f3n Coomeva - Banco de c\u00e9lulas madre en Colombia | America Cell Bank\" \/>\n<meta property=\"og:description\" content=\"At Coomeva Prepaid Medicine, we care about your well-being and that of your baby, which is why we offer you the possibility of preserving their stem cells and ensuring their health from the first moment of life.\" \/>\n<meta property=\"og:url\" content=\"https:\/\/americacellbank.com\/en\/acb-alliances\/cordon-coomeva\/\" \/>\n<meta property=\"og:site_name\" content=\"Banco de c\u00e9lulas madre en Colombia | America Cell Bank\" \/>\n<meta property=\"article:publisher\" content=\"https:\/\/www.facebook.com\/AmericaCellBankLatam\" \/>\n<meta property=\"article:modified_time\" content=\"2026-04-19T14:44:21+00:00\" \/>\n<meta property=\"og:image\" content=\"https:\/\/americacellbank.com\/wp-content\/uploads\/2023\/10\/coomeve-medicina-prepagada-opt.webp\" \/>\n\t<meta property=\"og:image:width\" content=\"832\" \/>\n\t<meta property=\"og:image:height\" content=\"362\" \/>\n\t<meta property=\"og:image:type\" content=\"image\/webp\" \/>\n<meta name=\"twitter:card\" content=\"summary_large_image\" \/>\n<meta name=\"twitter:label1\" content=\"Est. reading time\" \/>\n\t<meta name=\"twitter:data1\" content=\"1 minute\" \/>\n<script type=\"application\/ld+json\" class=\"yoast-schema-graph\">{\"@context\":\"https:\\\/\\\/schema.org\",\"@graph\":[{\"@type\":\"WebPage\",\"@id\":\"https:\\\/\\\/americacellbank.com\\\/en\\\/acb-alliances\\\/cordon-coomeva\\\/\",\"url\":\"https:\\\/\\\/americacellbank.com\\\/en\\\/acb-alliances\\\/cordon-coomeva\\\/\",\"name\":\"Cord\u00f3n Coomeva - Banco de c\u00e9lulas madre en Colombia | America Cell Bank\",\"isPartOf\":{\"@id\":\"https:\\\/\\\/americacellbank.com\\\/en\\\/#website\"},\"primaryImageOfPage\":{\"@id\":\"https:\\\/\\\/americacellbank.com\\\/en\\\/acb-alliances\\\/cordon-coomeva\\\/#primaryimage\"},\"image\":{\"@id\":\"https:\\\/\\\/americacellbank.com\\\/en\\\/acb-alliances\\\/cordon-coomeva\\\/#primaryimage\"},\"thumbnailUrl\":\"https:\\\/\\\/americacellbank.com\\\/wp-content\\\/uploads\\\/2023\\\/10\\\/coomeve-medicina-prepagada-opt.webp\",\"datePublished\":\"2026-02-26T02:30:23+00:00\",\"dateModified\":\"2026-04-19T14:44:21+00:00\",\"description\":\"At Coomeva Prepaid Medicine, we care about your well-being and that of your baby, which is why we offer you the possibility of preserving their stem cells and ensuring their health from the first moment of life.\",\"breadcrumb\":{\"@id\":\"https:\\\/\\\/americacellbank.com\\\/en\\\/acb-alliances\\\/cordon-coomeva\\\/#breadcrumb\"},\"inLanguage\":\"en-US\",\"potentialAction\":[{\"@type\":\"ReadAction\",\"target\":[\"https:\\\/\\\/americacellbank.com\\\/en\\\/acb-alliances\\\/cordon-coomeva\\\/\"]}]},{\"@type\":\"ImageObject\",\"inLanguage\":\"en-US\",\"@id\":\"https:\\\/\\\/americacellbank.com\\\/en\\\/acb-alliances\\\/cordon-coomeva\\\/#primaryimage\",\"url\":\"https:\\\/\\\/americacellbank.com\\\/wp-content\\\/uploads\\\/2023\\\/10\\\/coomeve-medicina-prepagada-opt.webp\",\"contentUrl\":\"https:\\\/\\\/americacellbank.com\\\/wp-content\\\/uploads\\\/2023\\\/10\\\/coomeve-medicina-prepagada-opt.webp\"},{\"@type\":\"BreadcrumbList\",\"@id\":\"https:\\\/\\\/americacellbank.com\\\/en\\\/acb-alliances\\\/cordon-coomeva\\\/#breadcrumb\",\"itemListElement\":[{\"@type\":\"ListItem\",\"position\":1,\"name\":\"ACB Alliances\",\"item\":\"https:\\\/\\\/americacellbank.com\\\/en\\\/acb-alliances\\\/\"},{\"@type\":\"ListItem\",\"position\":2,\"name\":\"Cord\u00f3n Coomeva\"}]},{\"@type\":\"WebSite\",\"@id\":\"https:\\\/\\\/americacellbank.com\\\/en\\\/#website\",\"url\":\"https:\\\/\\\/americacellbank.com\\\/en\\\/\",\"name\":\"Banco de c\u00e9lulas madre en Colombia | America Cell Bank\",\"description\":\"Ponemos a tu disposici\u00f3n nuestro banco de c\u00e9lulas madre bajo est\u00e1ndares internacionales | Servicios exclusivos en medicina regenerativa y gen\u00e9tica avanzada.\",\"publisher\":{\"@id\":\"https:\\\/\\\/americacellbank.com\\\/en\\\/#organization\"},\"alternateName\":\"America Cell Bank - Medicina Regenerativa\",\"potentialAction\":[{\"@type\":\"SearchAction\",\"target\":{\"@type\":\"EntryPoint\",\"urlTemplate\":\"https:\\\/\\\/americacellbank.com\\\/en\\\/?s={search_term_string}\"},\"query-input\":{\"@type\":\"PropertyValueSpecification\",\"valueRequired\":true,\"valueName\":\"search_term_string\"}}],\"inLanguage\":\"en-US\"},{\"@type\":\"Organization\",\"@id\":\"https:\\\/\\\/americacellbank.com\\\/en\\\/#organization\",\"name\":\"America Cell Bank\",\"alternateName\":\"ACB - Medicina regenerativa\",\"url\":\"https:\\\/\\\/americacellbank.com\\\/en\\\/\",\"logo\":{\"@type\":\"ImageObject\",\"inLanguage\":\"en-US\",\"@id\":\"https:\\\/\\\/americacellbank.com\\\/en\\\/#\\\/schema\\\/logo\\\/image\\\/\",\"url\":\"https:\\\/\\\/americacellbank.com\\\/wp-content\\\/uploads\\\/2023\\\/08\\\/America-cell-bank-logo.svg\",\"contentUrl\":\"https:\\\/\\\/americacellbank.com\\\/wp-content\\\/uploads\\\/2023\\\/08\\\/America-cell-bank-logo.svg\",\"caption\":\"America Cell Bank\"},\"image\":{\"@id\":\"https:\\\/\\\/americacellbank.com\\\/en\\\/#\\\/schema\\\/logo\\\/image\\\/\"},\"sameAs\":[\"https:\\\/\\\/www.facebook.com\\\/AmericaCellBankLatam\",\"https:\\\/\\\/www.linkedin.com\\\/company\\\/america-cell-bank\\\/\",\"https:\\\/\\\/www.instagram.com\\\/americacellbank\\\/\",\"https:\\\/\\\/www.youtube.com\\\/@AmericaCellBank\\\/videos\"]}]}<\/script>\n<!-- \/ Yoast SEO plugin. -->","yoast_head_json":{"title":"Cord\u00f3n Coomeva - Banco de c\u00e9lulas madre en Colombia | America Cell Bank","description":"At Coomeva Prepaid Medicine, we care about your well-being and that of your baby, which is why we offer you the possibility of preserving their stem cells and ensuring their health from the first moment of life.","robots":{"index":"index","follow":"follow","max-snippet":"max-snippet:-1","max-image-preview":"max-image-preview:large","max-video-preview":"max-video-preview:-1"},"canonical":"https:\/\/americacellbank.com\/en\/acb-alliances\/cordon-coomeva\/","og_locale":"en_US","og_type":"article","og_title":"Cord\u00f3n Coomeva - Banco de c\u00e9lulas madre en Colombia | America Cell Bank","og_description":"At Coomeva Prepaid Medicine, we care about your well-being and that of your baby, which is why we offer you the possibility of preserving their stem cells and ensuring their health from the first moment of life.","og_url":"https:\/\/americacellbank.com\/en\/acb-alliances\/cordon-coomeva\/","og_site_name":"Banco de c\u00e9lulas madre en Colombia | America Cell Bank","article_publisher":"https:\/\/www.facebook.com\/AmericaCellBankLatam","article_modified_time":"2026-04-19T14:44:21+00:00","og_image":[{"width":832,"height":362,"url":"https:\/\/americacellbank.com\/wp-content\/uploads\/2023\/10\/coomeve-medicina-prepagada-opt.webp","type":"image\/webp"}],"twitter_card":"summary_large_image","twitter_misc":{"Est. reading time":"1 minute"},"schema":{"@context":"https:\/\/schema.org","@graph":[{"@type":"WebPage","@id":"https:\/\/americacellbank.com\/en\/acb-alliances\/cordon-coomeva\/","url":"https:\/\/americacellbank.com\/en\/acb-alliances\/cordon-coomeva\/","name":"Cord\u00f3n Coomeva - Banco de c\u00e9lulas madre en Colombia | America Cell Bank","isPartOf":{"@id":"https:\/\/americacellbank.com\/en\/#website"},"primaryImageOfPage":{"@id":"https:\/\/americacellbank.com\/en\/acb-alliances\/cordon-coomeva\/#primaryimage"},"image":{"@id":"https:\/\/americacellbank.com\/en\/acb-alliances\/cordon-coomeva\/#primaryimage"},"thumbnailUrl":"https:\/\/americacellbank.com\/wp-content\/uploads\/2023\/10\/coomeve-medicina-prepagada-opt.webp","datePublished":"2026-02-26T02:30:23+00:00","dateModified":"2026-04-19T14:44:21+00:00","description":"At Coomeva Prepaid Medicine, we care about your well-being and that of your baby, which is why we offer you the possibility of preserving their stem cells and ensuring their health from the first moment of life.","breadcrumb":{"@id":"https:\/\/americacellbank.com\/en\/acb-alliances\/cordon-coomeva\/#breadcrumb"},"inLanguage":"en-US","potentialAction":[{"@type":"ReadAction","target":["https:\/\/americacellbank.com\/en\/acb-alliances\/cordon-coomeva\/"]}]},{"@type":"ImageObject","inLanguage":"en-US","@id":"https:\/\/americacellbank.com\/en\/acb-alliances\/cordon-coomeva\/#primaryimage","url":"https:\/\/americacellbank.com\/wp-content\/uploads\/2023\/10\/coomeve-medicina-prepagada-opt.webp","contentUrl":"https:\/\/americacellbank.com\/wp-content\/uploads\/2023\/10\/coomeve-medicina-prepagada-opt.webp"},{"@type":"BreadcrumbList","@id":"https:\/\/americacellbank.com\/en\/acb-alliances\/cordon-coomeva\/#breadcrumb","itemListElement":[{"@type":"ListItem","position":1,"name":"ACB Alliances","item":"https:\/\/americacellbank.com\/en\/acb-alliances\/"},{"@type":"ListItem","position":2,"name":"Cord\u00f3n Coomeva"}]},{"@type":"WebSite","@id":"https:\/\/americacellbank.com\/en\/#website","url":"https:\/\/americacellbank.com\/en\/","name":"Banco de c\u00e9lulas madre en Colombia | America Cell Bank","description":"Ponemos a tu disposici\u00f3n nuestro banco de c\u00e9lulas madre bajo est\u00e1ndares internacionales | Servicios exclusivos en medicina regenerativa y gen\u00e9tica avanzada.","publisher":{"@id":"https:\/\/americacellbank.com\/en\/#organization"},"alternateName":"America Cell Bank - Medicina Regenerativa","potentialAction":[{"@type":"SearchAction","target":{"@type":"EntryPoint","urlTemplate":"https:\/\/americacellbank.com\/en\/?s={search_term_string}"},"query-input":{"@type":"PropertyValueSpecification","valueRequired":true,"valueName":"search_term_string"}}],"inLanguage":"en-US"},{"@type":"Organization","@id":"https:\/\/americacellbank.com\/en\/#organization","name":"America Cell Bank","alternateName":"ACB - Medicina regenerativa","url":"https:\/\/americacellbank.com\/en\/","logo":{"@type":"ImageObject","inLanguage":"en-US","@id":"https:\/\/americacellbank.com\/en\/#\/schema\/logo\/image\/","url":"https:\/\/americacellbank.com\/wp-content\/uploads\/2023\/08\/America-cell-bank-logo.svg","contentUrl":"https:\/\/americacellbank.com\/wp-content\/uploads\/2023\/08\/America-cell-bank-logo.svg","caption":"America Cell Bank"},"image":{"@id":"https:\/\/americacellbank.com\/en\/#\/schema\/logo\/image\/"},"sameAs":["https:\/\/www.facebook.com\/AmericaCellBankLatam","https:\/\/www.linkedin.com\/company\/america-cell-bank\/","https:\/\/www.instagram.com\/americacellbank\/","https:\/\/www.youtube.com\/@AmericaCellBank\/videos"]}]}},"_links":{"self":[{"href":"https:\/\/americacellbank.com\/en\/wp-json\/wp\/v2\/pages\/12877","targetHints":{"allow":["GET"]}}],"collection":[{"href":"https:\/\/americacellbank.com\/en\/wp-json\/wp\/v2\/pages"}],"about":[{"href":"https:\/\/americacellbank.com\/en\/wp-json\/wp\/v2\/types\/page"}],"author":[{"embeddable":true,"href":"https:\/\/americacellbank.com\/en\/wp-json\/wp\/v2\/users\/1"}],"replies":[{"embeddable":true,"href":"https:\/\/americacellbank.com\/en\/wp-json\/wp\/v2\/comments?post=12877"}],"version-history":[{"count":2,"href":"https:\/\/americacellbank.com\/en\/wp-json\/wp\/v2\/pages\/12877\/revisions"}],"predecessor-version":[{"id":12879,"href":"https:\/\/americacellbank.com\/en\/wp-json\/wp\/v2\/pages\/12877\/revisions\/12879"}],"up":[{"embeddable":true,"href":"https:\/\/americacellbank.com\/en\/wp-json\/wp\/v2\/pages\/12864"}],"wp:attachment":[{"href":"https:\/\/americacellbank.com\/en\/wp-json\/wp\/v2\/media?parent=12877"}],"curies":[{"name":"wp","href":"https:\/\/api.w.org\/{rel}","templated":true}]}}