{"id":12880,"date":"2026-02-25T21:41:05","date_gmt":"2026-02-26T02:41:05","guid":{"rendered":"https:\/\/americacellbank.com\/acb-alliances\/medplus\/"},"modified":"2026-04-19T09:45:23","modified_gmt":"2026-04-19T14:45:23","slug":"medplus","status":"publish","type":"page","link":"https:\/\/americacellbank.com\/en\/acb-alliances\/medplus\/","title":{"rendered":"MedPlus"},"content":{"rendered":"\t\t<div data-elementor-type=\"wp-page\" data-elementor-id=\"12880\" class=\"elementor elementor-12880 elementor-11959\" data-elementor-post-type=\"page\">\n\t\t\t\t\t\t<section class=\"elementor-section elementor-top-section elementor-element elementor-element-623f75b elementor-section-full_width elementor-section-content-bottom elementor-section-height-default elementor-section-height-default\" data-id=\"623f75b\" data-element_type=\"section\" data-e-type=\"section\" data-settings=\"{&quot;background_background&quot;:&quot;classic&quot;}\">\n\t\t\t\t\t\t<div class=\"elementor-container elementor-column-gap-no\">\n\t\t\t\t\t<div class=\"elementor-column elementor-col-100 elementor-top-column elementor-element elementor-element-8ffaa8e\" data-id=\"8ffaa8e\" data-element_type=\"column\" data-e-type=\"column\">\n\t\t\t<div class=\"elementor-widget-wrap elementor-element-populated\">\n\t\t\t\t\t\t<section class=\"elementor-section elementor-inner-section elementor-element elementor-element-962d572 elementor-section-boxed elementor-section-height-default elementor-section-height-default\" data-id=\"962d572\" data-element_type=\"section\" data-e-type=\"section\">\n\t\t\t\t\t\t<div class=\"elementor-container elementor-column-gap-default\">\n\t\t\t\t\t<div class=\"elementor-column elementor-col-100 elementor-inner-column elementor-element elementor-element-214219b\" data-id=\"214219b\" data-element_type=\"column\" data-e-type=\"column\">\n\t\t\t<div class=\"elementor-widget-wrap elementor-element-populated\">\n\t\t\t\t\t\t<div class=\"elementor-element elementor-element-23df28c elementor-widget elementor-widget-heading\" data-id=\"23df28c\" data-element_type=\"widget\" data-e-type=\"widget\" data-widget_type=\"heading.default\">\n\t\t\t\t<div class=\"elementor-widget-container\">\n\t\t\t\t\t<span class=\"elementor-heading-title elementor-size-default\">Our partnership with:<\/span>\t\t\t\t<\/div>\n\t\t\t\t<\/div>\n\t\t\t\t<div class=\"elementor-element elementor-element-c0bd9b4 elementor-widget elementor-widget-image\" data-id=\"c0bd9b4\" data-element_type=\"widget\" data-e-type=\"widget\" data-widget_type=\"image.default\">\n\t\t\t\t<div class=\"elementor-widget-container\">\n\t\t\t\t\t\t\t\t\t\t\t\t\t\t\t<img fetchpriority=\"high\" decoding=\"async\" width=\"600\" height=\"250\" src=\"https:\/\/americacellbank.com\/wp-content\/uploads\/2026\/04\/Medplus_logo.png\" class=\"attachment-full size-full wp-image-12693\" alt=\"\" \/>\t\t\t\t\t\t\t\t\t\t\t\t\t\t\t<\/div>\n\t\t\t\t<\/div>\n\t\t\t\t\t<\/div>\n\t\t<\/div>\n\t\t\t\t\t<\/div>\n\t\t<\/section>\n\t\t\t\t\t<\/div>\n\t\t<\/div>\n\t\t\t\t\t<\/div>\n\t\t<\/section>\n\t\t\t\t<section class=\"elementor-section elementor-top-section elementor-element elementor-element-5b678346 elementor-section-full_width elementor-section-height-default elementor-section-height-default\" data-id=\"5b678346\" data-element_type=\"section\" data-e-type=\"section\">\n\t\t\t\t\t\t<div class=\"elementor-container elementor-column-gap-no\">\n\t\t\t\t\t<div class=\"elementor-column elementor-col-33 elementor-top-column elementor-element elementor-element-5451b7b3\" data-id=\"5451b7b3\" data-element_type=\"column\" data-e-type=\"column\">\n\t\t\t<div class=\"elementor-widget-wrap elementor-element-populated\">\n\t\t\t\t\t\t<div class=\"elementor-element elementor-element-42904f40 animated-slow elementor-absolute elementor-invisible elementor-widget elementor-widget-spacer\" data-id=\"42904f40\" data-element_type=\"widget\" data-e-type=\"widget\" data-settings=\"{&quot;_animation&quot;:&quot;fadeInLeft&quot;,&quot;_position&quot;:&quot;absolute&quot;}\" data-widget_type=\"spacer.default\">\n\t\t\t\t<div class=\"elementor-widget-container\">\n\t\t\t\t\t\t\t<div class=\"elementor-spacer\">\n\t\t\t<div class=\"elementor-spacer-inner\"><\/div>\n\t\t<\/div>\n\t\t\t\t\t\t<\/div>\n\t\t\t\t<\/div>\n\t\t\t\t\t<\/div>\n\t\t<\/div>\n\t\t\t\t<div class=\"elementor-column elementor-col-33 elementor-top-column elementor-element elementor-element-1e5384da\" data-id=\"1e5384da\" data-element_type=\"column\" data-e-type=\"column\">\n\t\t\t<div class=\"elementor-widget-wrap elementor-element-populated\">\n\t\t\t\t\t\t<div class=\"elementor-element elementor-element-64839a19 elementor-widget elementor-widget-text-editor\" data-id=\"64839a19\" data-element_type=\"widget\" data-e-type=\"widget\" data-widget_type=\"text-editor.default\">\n\t\t\t\t<div class=\"elementor-widget-container\">\n\t\t\t\t\t\t\t\t\t<p>Being part of the MedPlus family allows you to access a variety of agreements for you to enjoy with your family nationwide.<\/p>\t\t\t\t\t\t\t\t<\/div>\n\t\t\t\t<\/div>\n\t\t\t\t<section class=\"elementor-section elementor-inner-section elementor-element elementor-element-1852533 elementor-section-boxed elementor-section-height-default elementor-section-height-default\" data-id=\"1852533\" data-element_type=\"section\" data-e-type=\"section\">\n\t\t\t\t\t\t<div class=\"elementor-container elementor-column-gap-default\">\n\t\t\t\t\t<div class=\"elementor-column elementor-col-50 elementor-inner-column elementor-element elementor-element-47e60cd\" data-id=\"47e60cd\" data-element_type=\"column\" data-e-type=\"column\">\n\t\t\t<div class=\"elementor-widget-wrap elementor-element-populated\">\n\t\t\t\t\t\t<div class=\"elementor-element elementor-element-6032ff6 elementor-widget__width-auto elementor-widget elementor-widget-image\" data-id=\"6032ff6\" data-element_type=\"widget\" data-e-type=\"widget\" data-widget_type=\"image.default\">\n\t\t\t\t<div class=\"elementor-widget-container\">\n\t\t\t\t\t\t\t\t\t\t\t\t\t\t\t\t<a href=\"https:\/\/medplus.com.co\/convenios\/\">\n\t\t\t\t\t\t\t<img decoding=\"async\" width=\"552\" height=\"259\" src=\"https:\/\/americacellbank.com\/wp-content\/uploads\/2026\/02\/america_cell_bank.png\" class=\"attachment-large size-large wp-image-11964\" alt=\"\" \/>\t\t\t\t\t\t\t\t<\/a>\n\t\t\t\t\t\t\t\t\t\t\t\t\t\t\t<\/div>\n\t\t\t\t<\/div>\n\t\t\t\t\t<\/div>\n\t\t<\/div>\n\t\t\t\t<div class=\"elementor-column elementor-col-50 elementor-inner-column elementor-element elementor-element-c0d182d\" data-id=\"c0d182d\" data-element_type=\"column\" data-e-type=\"column\">\n\t\t\t<div class=\"elementor-widget-wrap elementor-element-populated\">\n\t\t\t\t\t\t<div class=\"elementor-element elementor-element-bd0e141 elementor-widget__width-auto elementor-widget elementor-widget-image\" data-id=\"bd0e141\" data-element_type=\"widget\" data-e-type=\"widget\" data-widget_type=\"image.default\">\n\t\t\t\t<div class=\"elementor-widget-container\">\n\t\t\t\t\t\t\t\t\t\t\t\t\t\t\t\t<a href=\"https:\/\/medplus.com.co\/convenios\/\">\n\t\t\t\t\t\t\t<img decoding=\"async\" width=\"552\" height=\"259\" src=\"https:\/\/americacellbank.com\/wp-content\/uploads\/2026\/02\/regenerativa-1.jpg\" class=\"attachment-large size-large wp-image-11962\" alt=\"\" \/>\t\t\t\t\t\t\t\t<\/a>\n\t\t\t\t\t\t\t\t\t\t\t\t\t\t\t<\/div>\n\t\t\t\t<\/div>\n\t\t\t\t\t<\/div>\n\t\t<\/div>\n\t\t\t\t\t<\/div>\n\t\t<\/section>\n\t\t\t\t<div class=\"elementor-element elementor-element-241d8c0 elementor-mobile-align-left elementor-widget__width-auto elementor-widget elementor-widget-button\" data-id=\"241d8c0\" data-element_type=\"widget\" data-e-type=\"widget\" data-widget_type=\"button.default\">\n\t\t\t\t<div class=\"elementor-widget-container\">\n\t\t\t\t\t\t\t\t\t<div class=\"elementor-button-wrapper\">\n\t\t\t\t\t<a class=\"elementor-button elementor-button-link elementor-size-sm\" href=\"https:\/\/medplus.com.co\/convenios\/\" target=\"_blank\">\n\t\t\t\t\t\t<span class=\"elementor-button-content-wrapper\">\n\t\t\t\t\t\t<span class=\"elementor-button-icon\">\n\t\t\t\t<i aria-hidden=\"true\" class=\"fas fa-globe\"><\/i>\t\t\t<\/span>\n\t\t\t\t\t\t\t\t\t<span class=\"elementor-button-text\">See agreement<\/span>\n\t\t\t\t\t<\/span>\n\t\t\t\t\t<\/a>\n\t\t\t\t<\/div>\n\t\t\t\t\t\t\t\t<\/div>\n\t\t\t\t<\/div>\n\t\t\t\t\t<\/div>\n\t\t<\/div>\n\t\t\t\t<div class=\"elementor-column elementor-col-33 elementor-top-column elementor-element elementor-element-3ea2a2cf\" data-id=\"3ea2a2cf\" data-element_type=\"column\" data-e-type=\"column\">\n\t\t\t<div class=\"elementor-widget-wrap elementor-element-populated\">\n\t\t\t\t\t\t<div class=\"elementor-element elementor-element-5e8a349d animated-slow elementor-widget-laptop__width-initial elementor-invisible elementor-widget elementor-widget-spacer\" data-id=\"5e8a349d\" data-element_type=\"widget\" data-e-type=\"widget\" data-settings=\"{&quot;_animation&quot;:&quot;fadeInRight&quot;}\" data-widget_type=\"spacer.default\">\n\t\t\t\t<div class=\"elementor-widget-container\">\n\t\t\t\t\t\t\t<div class=\"elementor-spacer\">\n\t\t\t<div class=\"elementor-spacer-inner\"><\/div>\n\t\t<\/div>\n\t\t\t\t\t\t<\/div>\n\t\t\t\t<\/div>\n\t\t\t\t\t<\/div>\n\t\t<\/div>\n\t\t\t\t\t<\/div>\n\t\t<\/section>\n\t\t\t\t<\/div>\n\t\t","protected":false},"excerpt":{"rendered":"<p>Our partnership with: Being part of the MedPlus family allows you to access a variety of agreements for you to enjoy with your family nationwide. See agreement<\/p>\n","protected":false},"author":1,"featured_media":0,"parent":12864,"menu_order":0,"comment_status":"closed","ping_status":"closed","template":"","meta":{"_acf_changed":false,"site-sidebar-layout":"no-sidebar","site-content-layout":"","ast-site-content-layout":"full-width-container","site-content-style":"default","site-sidebar-style":"default","ast-global-header-display":"","ast-banner-title-visibility":"","ast-main-header-display":"","ast-hfb-above-header-display":"","ast-hfb-below-header-display":"","ast-hfb-mobile-header-display":"","site-post-title":"disabled","ast-breadcrumbs-content":"","ast-featured-img":"disabled","footer-sml-layout":"","ast-disable-related-posts":"","theme-transparent-header-meta":"","adv-header-id-meta":"","stick-header-meta":"","header-above-stick-meta":"","header-main-stick-meta":"","header-below-stick-meta":"","astra-migrate-meta-layouts":"default","ast-page-background-enabled":"default","ast-page-background-meta":{"desktop":{"background-color":"var(--ast-global-color-4)","background-image":"","background-repeat":"repeat","background-position":"center center","background-size":"auto","background-attachment":"scroll","background-type":"","background-media":"","overlay-type":"","overlay-color":"","overlay-opacity":"","overlay-gradient":""},"tablet":{"background-color":"","background-image":"","background-repeat":"repeat","background-position":"center center","background-size":"auto","background-attachment":"scroll","background-type":"","background-media":"","overlay-type":"","overlay-color":"","overlay-opacity":"","overlay-gradient":""},"mobile":{"background-color":"","background-image":"","background-repeat":"repeat","background-position":"center center","background-size":"auto","background-attachment":"scroll","background-type":"","background-media":"","overlay-type":"","overlay-color":"","overlay-opacity":"","overlay-gradient":""}},"ast-content-background-meta":{"desktop":{"background-color":"var(--ast-global-color-5)","background-image":"","background-repeat":"repeat","background-position":"center center","background-size":"auto","background-attachment":"scroll","background-type":"","background-media":"","overlay-type":"","overlay-color":"","overlay-opacity":"","overlay-gradient":""},"tablet":{"background-color":"var(--ast-global-color-5)","background-image":"","background-repeat":"repeat","background-position":"center center","background-size":"auto","background-attachment":"scroll","background-type":"","background-media":"","overlay-type":"","overlay-color":"","overlay-opacity":"","overlay-gradient":""},"mobile":{"background-color":"var(--ast-global-color-5)","background-image":"","background-repeat":"repeat","background-position":"center center","background-size":"auto","background-attachment":"scroll","background-type":"","background-media":"","overlay-type":"","overlay-color":"","overlay-opacity":"","overlay-gradient":""}},"_joinchat":[],"footnotes":""},"class_list":["post-12880","page","type-page","status-publish","hentry"],"acf":[],"yoast_head":"<!-- This site is optimized with the Yoast SEO plugin v27.4 - https:\/\/yoast.com\/product\/yoast-seo-wordpress\/ -->\n<title>MedPlus - Banco de c\u00e9lulas madre en Colombia | America Cell Bank<\/title>\n<meta name=\"description\" content=\"Being part of the MedPlus family allows you to access a variety of agreements for you to enjoy with your family nationwide.\" \/>\n<meta name=\"robots\" content=\"index, follow, max-snippet:-1, max-image-preview:large, max-video-preview:-1\" \/>\n<link rel=\"canonical\" href=\"https:\/\/americacellbank.com\/en\/acb-alliances\/medplus\/\" \/>\n<meta property=\"og:locale\" content=\"en_US\" \/>\n<meta property=\"og:type\" content=\"article\" \/>\n<meta property=\"og:title\" content=\"MedPlus - Banco de c\u00e9lulas madre en Colombia | America Cell Bank\" \/>\n<meta property=\"og:description\" content=\"Being part of the MedPlus family allows you to access a variety of agreements for you to enjoy with your family nationwide.\" \/>\n<meta property=\"og:url\" content=\"https:\/\/americacellbank.com\/en\/acb-alliances\/medplus\/\" \/>\n<meta property=\"og:site_name\" content=\"Banco de c\u00e9lulas madre en Colombia | America Cell Bank\" \/>\n<meta property=\"article:publisher\" content=\"https:\/\/www.facebook.com\/AmericaCellBankLatam\" \/>\n<meta property=\"article:modified_time\" content=\"2026-04-19T14:45:23+00:00\" \/>\n<meta property=\"og:image\" content=\"https:\/\/americacellbank.com\/wp-content\/uploads\/2026\/04\/Medplus_logo.png\" \/>\n\t<meta property=\"og:image:width\" content=\"600\" \/>\n\t<meta property=\"og:image:height\" content=\"250\" \/>\n\t<meta property=\"og:image:type\" content=\"image\/png\" \/>\n<meta name=\"twitter:card\" content=\"summary_large_image\" \/>\n<script type=\"application\/ld+json\" class=\"yoast-schema-graph\">{\"@context\":\"https:\\\/\\\/schema.org\",\"@graph\":[{\"@type\":\"WebPage\",\"@id\":\"https:\\\/\\\/americacellbank.com\\\/en\\\/acb-alliances\\\/medplus\\\/\",\"url\":\"https:\\\/\\\/americacellbank.com\\\/en\\\/acb-alliances\\\/medplus\\\/\",\"name\":\"MedPlus - Banco de c\u00e9lulas madre en Colombia | America Cell Bank\",\"isPartOf\":{\"@id\":\"https:\\\/\\\/americacellbank.com\\\/en\\\/#website\"},\"primaryImageOfPage\":{\"@id\":\"https:\\\/\\\/americacellbank.com\\\/en\\\/acb-alliances\\\/medplus\\\/#primaryimage\"},\"image\":{\"@id\":\"https:\\\/\\\/americacellbank.com\\\/en\\\/acb-alliances\\\/medplus\\\/#primaryimage\"},\"thumbnailUrl\":\"https:\\\/\\\/americacellbank.com\\\/wp-content\\\/uploads\\\/2026\\\/04\\\/Medplus_logo.png\",\"datePublished\":\"2026-02-26T02:41:05+00:00\",\"dateModified\":\"2026-04-19T14:45:23+00:00\",\"description\":\"Being part of the MedPlus family allows you to access a variety of agreements for you to enjoy with your family nationwide.\",\"breadcrumb\":{\"@id\":\"https:\\\/\\\/americacellbank.com\\\/en\\\/acb-alliances\\\/medplus\\\/#breadcrumb\"},\"inLanguage\":\"en-US\",\"potentialAction\":[{\"@type\":\"ReadAction\",\"target\":[\"https:\\\/\\\/americacellbank.com\\\/en\\\/acb-alliances\\\/medplus\\\/\"]}]},{\"@type\":\"ImageObject\",\"inLanguage\":\"en-US\",\"@id\":\"https:\\\/\\\/americacellbank.com\\\/en\\\/acb-alliances\\\/medplus\\\/#primaryimage\",\"url\":\"https:\\\/\\\/americacellbank.com\\\/wp-content\\\/uploads\\\/2026\\\/04\\\/Medplus_logo.png\",\"contentUrl\":\"https:\\\/\\\/americacellbank.com\\\/wp-content\\\/uploads\\\/2026\\\/04\\\/Medplus_logo.png\"},{\"@type\":\"BreadcrumbList\",\"@id\":\"https:\\\/\\\/americacellbank.com\\\/en\\\/acb-alliances\\\/medplus\\\/#breadcrumb\",\"itemListElement\":[{\"@type\":\"ListItem\",\"position\":1,\"name\":\"ACB Alliances\",\"item\":\"https:\\\/\\\/americacellbank.com\\\/en\\\/acb-alliances\\\/\"},{\"@type\":\"ListItem\",\"position\":2,\"name\":\"MedPlus\"}]},{\"@type\":\"WebSite\",\"@id\":\"https:\\\/\\\/americacellbank.com\\\/en\\\/#website\",\"url\":\"https:\\\/\\\/americacellbank.com\\\/en\\\/\",\"name\":\"Banco de c\u00e9lulas madre en Colombia | America Cell Bank\",\"description\":\"Ponemos a tu disposici\u00f3n nuestro banco de c\u00e9lulas madre bajo est\u00e1ndares internacionales | Servicios exclusivos en medicina regenerativa y gen\u00e9tica avanzada.\",\"publisher\":{\"@id\":\"https:\\\/\\\/americacellbank.com\\\/en\\\/#organization\"},\"alternateName\":\"America Cell Bank - Medicina Regenerativa\",\"potentialAction\":[{\"@type\":\"SearchAction\",\"target\":{\"@type\":\"EntryPoint\",\"urlTemplate\":\"https:\\\/\\\/americacellbank.com\\\/en\\\/?s={search_term_string}\"},\"query-input\":{\"@type\":\"PropertyValueSpecification\",\"valueRequired\":true,\"valueName\":\"search_term_string\"}}],\"inLanguage\":\"en-US\"},{\"@type\":\"Organization\",\"@id\":\"https:\\\/\\\/americacellbank.com\\\/en\\\/#organization\",\"name\":\"America Cell Bank\",\"alternateName\":\"ACB - Medicina regenerativa\",\"url\":\"https:\\\/\\\/americacellbank.com\\\/en\\\/\",\"logo\":{\"@type\":\"ImageObject\",\"inLanguage\":\"en-US\",\"@id\":\"https:\\\/\\\/americacellbank.com\\\/en\\\/#\\\/schema\\\/logo\\\/image\\\/\",\"url\":\"https:\\\/\\\/americacellbank.com\\\/wp-content\\\/uploads\\\/2023\\\/08\\\/America-cell-bank-logo.svg\",\"contentUrl\":\"https:\\\/\\\/americacellbank.com\\\/wp-content\\\/uploads\\\/2023\\\/08\\\/America-cell-bank-logo.svg\",\"caption\":\"America Cell Bank\"},\"image\":{\"@id\":\"https:\\\/\\\/americacellbank.com\\\/en\\\/#\\\/schema\\\/logo\\\/image\\\/\"},\"sameAs\":[\"https:\\\/\\\/www.facebook.com\\\/AmericaCellBankLatam\",\"https:\\\/\\\/www.linkedin.com\\\/company\\\/america-cell-bank\\\/\",\"https:\\\/\\\/www.instagram.com\\\/americacellbank\\\/\",\"https:\\\/\\\/www.youtube.com\\\/@AmericaCellBank\\\/videos\"]}]}<\/script>\n<!-- \/ Yoast SEO plugin. -->","yoast_head_json":{"title":"MedPlus - Banco de c\u00e9lulas madre en Colombia | America Cell Bank","description":"Being part of the MedPlus family allows you to access a variety of agreements for you to enjoy with your family nationwide.","robots":{"index":"index","follow":"follow","max-snippet":"max-snippet:-1","max-image-preview":"max-image-preview:large","max-video-preview":"max-video-preview:-1"},"canonical":"https:\/\/americacellbank.com\/en\/acb-alliances\/medplus\/","og_locale":"en_US","og_type":"article","og_title":"MedPlus - Banco de c\u00e9lulas madre en Colombia | America Cell Bank","og_description":"Being part of the MedPlus family allows you to access a variety of agreements for you to enjoy with your family nationwide.","og_url":"https:\/\/americacellbank.com\/en\/acb-alliances\/medplus\/","og_site_name":"Banco de c\u00e9lulas madre en Colombia | America Cell Bank","article_publisher":"https:\/\/www.facebook.com\/AmericaCellBankLatam","article_modified_time":"2026-04-19T14:45:23+00:00","og_image":[{"width":600,"height":250,"url":"https:\/\/americacellbank.com\/wp-content\/uploads\/2026\/04\/Medplus_logo.png","type":"image\/png"}],"twitter_card":"summary_large_image","schema":{"@context":"https:\/\/schema.org","@graph":[{"@type":"WebPage","@id":"https:\/\/americacellbank.com\/en\/acb-alliances\/medplus\/","url":"https:\/\/americacellbank.com\/en\/acb-alliances\/medplus\/","name":"MedPlus - Banco de c\u00e9lulas madre en Colombia | America Cell Bank","isPartOf":{"@id":"https:\/\/americacellbank.com\/en\/#website"},"primaryImageOfPage":{"@id":"https:\/\/americacellbank.com\/en\/acb-alliances\/medplus\/#primaryimage"},"image":{"@id":"https:\/\/americacellbank.com\/en\/acb-alliances\/medplus\/#primaryimage"},"thumbnailUrl":"https:\/\/americacellbank.com\/wp-content\/uploads\/2026\/04\/Medplus_logo.png","datePublished":"2026-02-26T02:41:05+00:00","dateModified":"2026-04-19T14:45:23+00:00","description":"Being part of the MedPlus family allows you to access a variety of agreements for you to enjoy with your family nationwide.","breadcrumb":{"@id":"https:\/\/americacellbank.com\/en\/acb-alliances\/medplus\/#breadcrumb"},"inLanguage":"en-US","potentialAction":[{"@type":"ReadAction","target":["https:\/\/americacellbank.com\/en\/acb-alliances\/medplus\/"]}]},{"@type":"ImageObject","inLanguage":"en-US","@id":"https:\/\/americacellbank.com\/en\/acb-alliances\/medplus\/#primaryimage","url":"https:\/\/americacellbank.com\/wp-content\/uploads\/2026\/04\/Medplus_logo.png","contentUrl":"https:\/\/americacellbank.com\/wp-content\/uploads\/2026\/04\/Medplus_logo.png"},{"@type":"BreadcrumbList","@id":"https:\/\/americacellbank.com\/en\/acb-alliances\/medplus\/#breadcrumb","itemListElement":[{"@type":"ListItem","position":1,"name":"ACB Alliances","item":"https:\/\/americacellbank.com\/en\/acb-alliances\/"},{"@type":"ListItem","position":2,"name":"MedPlus"}]},{"@type":"WebSite","@id":"https:\/\/americacellbank.com\/en\/#website","url":"https:\/\/americacellbank.com\/en\/","name":"Banco de c\u00e9lulas madre en Colombia | America Cell Bank","description":"Ponemos a tu disposici\u00f3n nuestro banco de c\u00e9lulas madre bajo est\u00e1ndares internacionales | Servicios exclusivos en medicina regenerativa y gen\u00e9tica avanzada.","publisher":{"@id":"https:\/\/americacellbank.com\/en\/#organization"},"alternateName":"America Cell Bank - Medicina Regenerativa","potentialAction":[{"@type":"SearchAction","target":{"@type":"EntryPoint","urlTemplate":"https:\/\/americacellbank.com\/en\/?s={search_term_string}"},"query-input":{"@type":"PropertyValueSpecification","valueRequired":true,"valueName":"search_term_string"}}],"inLanguage":"en-US"},{"@type":"Organization","@id":"https:\/\/americacellbank.com\/en\/#organization","name":"America Cell Bank","alternateName":"ACB - Medicina regenerativa","url":"https:\/\/americacellbank.com\/en\/","logo":{"@type":"ImageObject","inLanguage":"en-US","@id":"https:\/\/americacellbank.com\/en\/#\/schema\/logo\/image\/","url":"https:\/\/americacellbank.com\/wp-content\/uploads\/2023\/08\/America-cell-bank-logo.svg","contentUrl":"https:\/\/americacellbank.com\/wp-content\/uploads\/2023\/08\/America-cell-bank-logo.svg","caption":"America Cell Bank"},"image":{"@id":"https:\/\/americacellbank.com\/en\/#\/schema\/logo\/image\/"},"sameAs":["https:\/\/www.facebook.com\/AmericaCellBankLatam","https:\/\/www.linkedin.com\/company\/america-cell-bank\/","https:\/\/www.instagram.com\/americacellbank\/","https:\/\/www.youtube.com\/@AmericaCellBank\/videos"]}]}},"_links":{"self":[{"href":"https:\/\/americacellbank.com\/en\/wp-json\/wp\/v2\/pages\/12880","targetHints":{"allow":["GET"]}}],"collection":[{"href":"https:\/\/americacellbank.com\/en\/wp-json\/wp\/v2\/pages"}],"about":[{"href":"https:\/\/americacellbank.com\/en\/wp-json\/wp\/v2\/types\/page"}],"author":[{"embeddable":true,"href":"https:\/\/americacellbank.com\/en\/wp-json\/wp\/v2\/users\/1"}],"replies":[{"embeddable":true,"href":"https:\/\/americacellbank.com\/en\/wp-json\/wp\/v2\/comments?post=12880"}],"version-history":[{"count":1,"href":"https:\/\/americacellbank.com\/en\/wp-json\/wp\/v2\/pages\/12880\/revisions"}],"predecessor-version":[{"id":12881,"href":"https:\/\/americacellbank.com\/en\/wp-json\/wp\/v2\/pages\/12880\/revisions\/12881"}],"up":[{"embeddable":true,"href":"https:\/\/americacellbank.com\/en\/wp-json\/wp\/v2\/pages\/12864"}],"wp:attachment":[{"href":"https:\/\/americacellbank.com\/en\/wp-json\/wp\/v2\/media?parent=12880"}],"curies":[{"name":"wp","href":"https:\/\/api.w.org\/{rel}","templated":true}]}}